{"id":9,"date":"2020-10-30T18:17:17","date_gmt":"2020-10-30T17:17:17","guid":{"rendered":"https:\/\/hassanbousbaa.com\/?page_id=9"},"modified":"2022-02-20T10:39:48","modified_gmt":"2022-02-20T09:39:48","slug":"qui-suis-je","status":"publish","type":"page","link":"https:\/\/hassanbousbaa.com\/index.php\/qui-suis-je\/","title":{"rendered":"Qui suis-je ?"},"content":{"rendered":"\t\t<div data-elementor-type=\"wp-page\" data-elementor-id=\"9\" class=\"elementor elementor-9\">\n\t\t\t\t\t\t\t\t\t<section class=\"elementor-section elementor-top-section elementor-element elementor-element-20024d3 elementor-section-boxed elementor-section-height-default elementor-section-height-default\" data-id=\"20024d3\" data-element_type=\"section\">\n\t\t\t\t\t\t<div class=\"elementor-container elementor-column-gap-default\">\n\t\t\t\t\t<div class=\"elementor-column elementor-col-100 elementor-top-column elementor-element elementor-element-dfac418\" data-id=\"dfac418\" data-element_type=\"column\">\n\t\t\t<div class=\"elementor-widget-wrap elementor-element-populated\">\n\t\t\t\t\t\t\t\t<div class=\"elementor-element elementor-element-1974b82 elementor-widget elementor-widget-heading\" data-id=\"1974b82\" data-element_type=\"widget\" data-widget_type=\"heading.default\">\n\t\t\t\t<div class=\"elementor-widget-container\">\n\t\t\t<h2 class=\"elementor-heading-title elementor-size-xl\">Qui suis-je ?<\/h2>\t\t<\/div>\n\t\t\t\t<\/div>\n\t\t\t\t\t<\/div>\n\t\t<\/div>\n\t\t\t\t\t\t\t<\/div>\n\t\t<\/section>\n\t\t\t\t<section class=\"elementor-section elementor-top-section elementor-element elementor-element-bdfe024 elementor-section-boxed elementor-section-height-default elementor-section-height-default\" data-id=\"bdfe024\" data-element_type=\"section\">\n\t\t\t\t\t\t<div class=\"elementor-container elementor-column-gap-default\">\n\t\t\t\t\t<div class=\"elementor-column elementor-col-100 elementor-top-column elementor-element elementor-element-9bfb804\" data-id=\"9bfb804\" data-element_type=\"column\">\n\t\t\t<div class=\"elementor-widget-wrap elementor-element-populated\">\n\t\t\t\t\t\t\t\t<div class=\"elementor-element elementor-element-b262dc0 elementor-widget elementor-widget-heading\" data-id=\"b262dc0\" data-element_type=\"widget\" data-widget_type=\"heading.default\">\n\t\t\t\t<div class=\"elementor-widget-container\">\n\t\t\t<h2 class=\"elementor-heading-title elementor-size-default\"><i>Humilit\u00e9 et Bienveillance<\/i><\/h2>\t\t<\/div>\n\t\t\t\t<\/div>\n\t\t\t\t\t<\/div>\n\t\t<\/div>\n\t\t\t\t\t\t\t<\/div>\n\t\t<\/section>\n\t\t\t\t<section class=\"elementor-section elementor-top-section elementor-element elementor-element-5b835d4 elementor-section-boxed elementor-section-height-default elementor-section-height-default\" data-id=\"5b835d4\" data-element_type=\"section\">\n\t\t\t\t\t\t<div class=\"elementor-container elementor-column-gap-default\">\n\t\t\t\t\t<div class=\"elementor-column elementor-col-50 elementor-top-column elementor-element elementor-element-457e345\" data-id=\"457e345\" data-element_type=\"column\">\n\t\t\t<div class=\"elementor-widget-wrap elementor-element-populated\">\n\t\t\t\t\t\t\t\t<div class=\"elementor-element elementor-element-e613404 elementor-widget elementor-widget-text-editor\" data-id=\"e613404\" data-element_type=\"widget\" data-widget_type=\"text-editor.default\">\n\t\t\t\t<div class=\"elementor-widget-container\">\n\t\t\t\t\t\t\t<p>\u00ab Le meilleur savoir est la connaissance de soi-m\u00eame \u00bb<\/p>\t\t\t\t\t\t<\/div>\n\t\t\t\t<\/div>\n\t\t\t\t\t<\/div>\n\t\t<\/div>\n\t\t\t\t<div class=\"elementor-column elementor-col-50 elementor-top-column elementor-element elementor-element-b1e8d29\" data-id=\"b1e8d29\" data-element_type=\"column\">\n\t\t\t<div class=\"elementor-widget-wrap elementor-element-populated\">\n\t\t\t\t\t\t\t\t<div class=\"elementor-element elementor-element-59c0728 elementor-widget elementor-widget-text-editor\" data-id=\"59c0728\" data-element_type=\"widget\" data-widget_type=\"text-editor.default\">\n\t\t\t\t<div class=\"elementor-widget-container\">\n\t\t\t\t\t\t\t<p>Mamadou Coulibaly<\/p>\t\t\t\t\t\t<\/div>\n\t\t\t\t<\/div>\n\t\t\t\t\t<\/div>\n\t\t<\/div>\n\t\t\t\t\t\t\t<\/div>\n\t\t<\/section>\n\t\t\t\t<section class=\"elementor-section elementor-top-section elementor-element elementor-element-b1227cd elementor-section-boxed elementor-section-height-default elementor-section-height-default\" data-id=\"b1227cd\" data-element_type=\"section\">\n\t\t\t\t\t\t<div class=\"elementor-container elementor-column-gap-default\">\n\t\t\t\t\t<div class=\"elementor-column elementor-col-50 elementor-top-column elementor-element elementor-element-31f25df\" data-id=\"31f25df\" data-element_type=\"column\">\n\t\t\t<div class=\"elementor-widget-wrap elementor-element-populated\">\n\t\t\t\t\t\t\t\t<div class=\"elementor-element elementor-element-25439aa elementor-widget elementor-widget-image\" data-id=\"25439aa\" data-element_type=\"widget\" data-widget_type=\"image.default\">\n\t\t\t\t<div class=\"elementor-widget-container\">\n\t\t\t\t\t\t\t\t\t\t\t\t\t\t\t<img loading=\"lazy\" decoding=\"async\" width=\"488\" height=\"478\" src=\"https:\/\/hassanbousbaa.com\/wp-content\/uploads\/2021\/01\/photo1.png\" class=\"attachment-large size-large wp-image-561\" alt=\"\" srcset=\"https:\/\/hassanbousbaa.com\/wp-content\/uploads\/2021\/01\/photo1.png 488w, https:\/\/hassanbousbaa.com\/wp-content\/uploads\/2021\/01\/photo1-300x294.png 300w\" sizes=\"auto, (max-width: 488px) 100vw, 488px\" \/>\t\t\t\t\t\t\t\t\t\t\t\t\t\t\t<\/div>\n\t\t\t\t<\/div>\n\t\t\t\t\t<\/div>\n\t\t<\/div>\n\t\t\t\t<div class=\"elementor-column elementor-col-50 elementor-top-column elementor-element elementor-element-f49f084\" data-id=\"f49f084\" data-element_type=\"column\">\n\t\t\t<div class=\"elementor-widget-wrap elementor-element-populated\">\n\t\t\t\t\t\t\t\t<div class=\"elementor-element elementor-element-dbcb2e8 elementor-widget elementor-widget-heading\" data-id=\"dbcb2e8\" data-element_type=\"widget\" data-widget_type=\"heading.default\">\n\t\t\t\t<div class=\"elementor-widget-container\">\n\t\t\t<h2 class=\"elementor-heading-title elementor-size-default\">Je suis Hassan Bousbaa<\/h2>\t\t<\/div>\n\t\t\t\t<\/div>\n\t\t\t\t<div class=\"elementor-element elementor-element-c81cf21 elementor-widget elementor-widget-text-editor\" data-id=\"c81cf21\" data-element_type=\"widget\" data-widget_type=\"text-editor.default\">\n\t\t\t\t<div class=\"elementor-widget-container\">\n\t\t\t\t\t\t\t<ul><li>Dipl\u00f4m\u00e9 de l&rsquo;\u00c9cole sup\u00e9rieure de Commerce de Paris et de l&rsquo;Universit\u00e9 Paris IX Dauphine (Doctorat).<\/li><li>Plus de 30 ans d\u2019expertise au service de l\u2019Homme et de l\u2019Entreprise (voir <a href=\"https:\/\/ma.linkedin.com\/in\/hassan-bousbaa-18834841?trk=people-guest_people_search-card&amp;challengeId=AQE0sfDLW3eVNwAAAXTpGjlr6PLAcAc2lZCOq9kkmfm6aSGxgiq32xQSEEMD9VGX2Ip6MSNNKbBGTFQ7Trtktib8Q522vcYfoA&amp;submissionId=4c78225e-dc29-3a16-5359-93d6755e814d\" target=\"_blank\" rel=\"noreferrer noopener\">Profil Linkedin<\/a>)<\/li><li>Mes Exp\u00e9riences Successives :<ul><li>Strat\u00e9gie, Planification et Contr\u00f4le de Gestion<\/li><li>Marketing<\/li><li>P\u00e9dagogie<\/li><li>Entrepreneuriat<\/li><li>Management et D\u00e9veloppement Humain<\/li><li>Web Entrepreneur, Humaniste, Essentialiste et \u00c9thique<\/li><\/ul><\/li><li>P\u00e8re d\u2019une grande famille, Chercheur, Auteur, P\u00e9dagogue.<\/li><\/ul><h2 style=\"font-size: 25px; line-height: 0;\">\u00a0<\/h2>\t\t\t\t\t\t<\/div>\n\t\t\t\t<\/div>\n\t\t\t\t<div class=\"elementor-element elementor-element-438dcb7 elementor-widget elementor-widget-heading\" data-id=\"438dcb7\" data-element_type=\"widget\" data-widget_type=\"heading.default\">\n\t\t\t\t<div class=\"elementor-widget-container\">\n\t\t\t<h2 class=\"elementor-heading-title elementor-size-default\">Positiveur depuis toujours et POSITIVOLOGUE depuis 2021<\/h2>\t\t<\/div>\n\t\t\t\t<\/div>\n\t\t\t\t<div class=\"elementor-element elementor-element-6bd6073 elementor-widget elementor-widget-text-editor\" data-id=\"6bd6073\" data-element_type=\"widget\" data-widget_type=\"text-editor.default\">\n\t\t\t\t<div class=\"elementor-widget-container\">\n\t\t\t\t\t\t\t<ul><li><u>Ma mission<\/u> : <b>Aider le maximum de personnes \u00e0 sortir <\/b><em><b>d\u2019une vie par d\u00e9faut<\/b>, une vie de frustration et de g\u00e2chis et <strong>\u00e0 vivre une meilleure vie<\/strong> <strong>dans tous les domaines.<\/strong><\/em><\/li><li><u>Mon ambition<\/u>\u00a0: <strong>Sensibiliser et inciter le maximum de personnes \u00e0 prendre la vie du bon c\u00f4t\u00e9, \u00e0 positiver<\/strong>, de mani\u00e8re \u00e0 ce que, ensemble, nous puissions <strong>rendre meilleurs notre vie et le monde.<\/strong><\/li><li>Et ce, gr\u00e2ce \u00e0 des conseils, livres, publication et diverses contributions.<\/li><li>Promoteur de la m\u00e9thode d&rsquo;apprentissage transformationnel CAP\u00a9 et de la m\u00e9thode (ICAP)\u00b3\u00a9 pour (re)prendre sa vie en main.<\/li><li>Initiateur du mouvement \u00ab\u00a0<a href=\"https:\/\/hassanbousbaa.com\/index.php\/rejoindre-generations-positives\/\">G\u00e9n\u00e9rations Positives<\/a>\u00ab\u00a0\u00a9<\/li><li>A propos de \u00ab\u00a0<a href=\"https:\/\/hassanbousbaa.com\/index.php\/legende-personnelle\/\">L\u00e9gende Personnelle<\/a>\u00ab\u00a0<\/li><\/ul>\t\t\t\t\t\t<\/div>\n\t\t\t\t<\/div>\n\t\t\t\t\t<\/div>\n\t\t<\/div>\n\t\t\t\t\t\t\t<\/div>\n\t\t<\/section>\n\t\t\t\t<section class=\"elementor-section elementor-top-section elementor-element elementor-element-9459de8 elementor-section-boxed elementor-section-height-default elementor-section-height-default\" data-id=\"9459de8\" data-element_type=\"section\">\n\t\t\t\t\t\t<div class=\"elementor-container elementor-column-gap-default\">\n\t\t\t\t\t<div class=\"elementor-column elementor-col-50 elementor-top-column elementor-element elementor-element-6608bdd\" data-id=\"6608bdd\" data-element_type=\"column\">\n\t\t\t<div class=\"elementor-widget-wrap elementor-element-populated\">\n\t\t\t\t\t\t\t\t<div class=\"elementor-element elementor-element-d852975 elementor-widget elementor-widget-text-editor\" data-id=\"d852975\" data-element_type=\"widget\" data-widget_type=\"text-editor.default\">\n\t\t\t\t<div class=\"elementor-widget-container\">\n\t\t\t\t\t\t\t<p>\u00ab Le plus grand plaisir de la vie est de r\u00e9aliser ce que nous ne croyions pas capables de faire \u00bb<\/p>\t\t\t\t\t\t<\/div>\n\t\t\t\t<\/div>\n\t\t\t\t\t<\/div>\n\t\t<\/div>\n\t\t\t\t<div class=\"elementor-column elementor-col-50 elementor-top-column elementor-element elementor-element-15de112\" data-id=\"15de112\" data-element_type=\"column\">\n\t\t\t<div class=\"elementor-widget-wrap elementor-element-populated\">\n\t\t\t\t\t\t\t\t<div class=\"elementor-element elementor-element-8dcf61b elementor-widget elementor-widget-text-editor\" data-id=\"8dcf61b\" data-element_type=\"widget\" data-widget_type=\"text-editor.default\">\n\t\t\t\t<div class=\"elementor-widget-container\">\n\t\t\t\t\t\t\t<p>Hassan Bousbaa<\/p>\t\t\t\t\t\t<\/div>\n\t\t\t\t<\/div>\n\t\t\t\t\t<\/div>\n\t\t<\/div>\n\t\t\t\t\t\t\t<\/div>\n\t\t<\/section>\n\t\t\t\t\t\t\t<\/div>\n\t\t","protected":false},"excerpt":{"rendered":"<p>Qui suis-je ? Humilit\u00e9 et Bienveillance \u00ab Le meilleur savoir est la connaissance de soi-m\u00eame \u00bb Mamadou Coulibaly Je suis Hassan Bousbaa Dipl\u00f4m\u00e9 de l&rsquo;\u00c9cole sup\u00e9rieure de Commerce de Paris et de l&rsquo;Universit\u00e9 Paris IX Dauphine (Doctorat). Plus de 30 ans d\u2019expertise au service de l\u2019Homme et de l\u2019Entreprise (voir Profil Linkedin) Mes Exp\u00e9riences Successives&hellip;&nbsp;<a href=\"https:\/\/hassanbousbaa.com\/index.php\/qui-suis-je\/\" class=\"\" rel=\"bookmark\">Lire la suite &raquo;<span class=\"screen-reader-text\">Qui suis-je ?<\/span><\/a><\/p>\n","protected":false},"author":1,"featured_media":0,"parent":0,"menu_order":0,"comment_status":"closed","ping_status":"closed","template":"page-templates\/template-pagebuilder-full-width.php","meta":{"neve_meta_sidebar":"","neve_meta_container":"","neve_meta_enable_content_width":"","neve_meta_content_width":0,"neve_meta_title_alignment":"","neve_meta_author_avatar":"","neve_post_elements_order":"","neve_meta_disable_header":"","neve_meta_disable_footer":"","neve_meta_disable_title":"","footnotes":""},"class_list":["post-9","page","type-page","status-publish","hentry"],"yoast_head":"<!-- This site is optimized with the Yoast SEO plugin v24.9 - https:\/\/yoast.com\/wordpress\/plugins\/seo\/ -->\n<title>Qui suis-je ? - Hassan Bousbaa<\/title>\n<meta name=\"robots\" content=\"index, follow, max-snippet:-1, max-image-preview:large, max-video-preview:-1\" \/>\n<link rel=\"canonical\" href=\"https:\/\/hassanbousbaa.com\/index.php\/qui-suis-je\/\" \/>\n<meta property=\"og:locale\" content=\"fr_FR\" \/>\n<meta property=\"og:type\" content=\"article\" \/>\n<meta property=\"og:title\" content=\"Qui suis-je ? - Hassan Bousbaa\" \/>\n<meta property=\"og:description\" content=\"Qui suis-je ? Humilit\u00e9 et Bienveillance \u00ab Le meilleur savoir est la connaissance de soi-m\u00eame \u00bb Mamadou Coulibaly Je suis Hassan Bousbaa Dipl\u00f4m\u00e9 de l&rsquo;\u00c9cole sup\u00e9rieure de Commerce de Paris et de l&rsquo;Universit\u00e9 Paris IX Dauphine (Doctorat). Plus de 30 ans d\u2019expertise au service de l\u2019Homme et de l\u2019Entreprise (voir Profil Linkedin) Mes Exp\u00e9riences Successives&hellip;&nbsp;Lire la suite &raquo;Qui suis-je ?\" \/>\n<meta property=\"og:url\" content=\"https:\/\/hassanbousbaa.com\/index.php\/qui-suis-je\/\" \/>\n<meta property=\"og:site_name\" content=\"Hassan Bousbaa\" \/>\n<meta property=\"article:modified_time\" content=\"2022-02-20T09:39:48+00:00\" \/>\n<meta property=\"og:image\" content=\"https:\/\/hassanbousbaa.com\/wp-content\/uploads\/2021\/01\/photo1.png\" \/>\n<meta name=\"twitter:card\" content=\"summary_large_image\" \/>\n<meta name=\"twitter:label1\" content=\"Dur\u00e9e de lecture estim\u00e9e\" \/>\n\t<meta name=\"twitter:data1\" content=\"2 minutes\" \/>\n<script type=\"application\/ld+json\" class=\"yoast-schema-graph\">{\"@context\":\"https:\/\/schema.org\",\"@graph\":[{\"@type\":\"WebPage\",\"@id\":\"https:\/\/hassanbousbaa.com\/index.php\/qui-suis-je\/\",\"url\":\"https:\/\/hassanbousbaa.com\/index.php\/qui-suis-je\/\",\"name\":\"Qui suis-je ? - Hassan Bousbaa\",\"isPartOf\":{\"@id\":\"https:\/\/hassanbousbaa.com\/#website\"},\"primaryImageOfPage\":{\"@id\":\"https:\/\/hassanbousbaa.com\/index.php\/qui-suis-je\/#primaryimage\"},\"image\":{\"@id\":\"https:\/\/hassanbousbaa.com\/index.php\/qui-suis-je\/#primaryimage\"},\"thumbnailUrl\":\"https:\/\/hassanbousbaa.com\/wp-content\/uploads\/2021\/01\/photo1.png\",\"datePublished\":\"2020-10-30T17:17:17+00:00\",\"dateModified\":\"2022-02-20T09:39:48+00:00\",\"breadcrumb\":{\"@id\":\"https:\/\/hassanbousbaa.com\/index.php\/qui-suis-je\/#breadcrumb\"},\"inLanguage\":\"fr-FR\",\"potentialAction\":[{\"@type\":\"ReadAction\",\"target\":[\"https:\/\/hassanbousbaa.com\/index.php\/qui-suis-je\/\"]}]},{\"@type\":\"ImageObject\",\"inLanguage\":\"fr-FR\",\"@id\":\"https:\/\/hassanbousbaa.com\/index.php\/qui-suis-je\/#primaryimage\",\"url\":\"https:\/\/hassanbousbaa.com\/wp-content\/uploads\/2021\/01\/photo1.png\",\"contentUrl\":\"https:\/\/hassanbousbaa.com\/wp-content\/uploads\/2021\/01\/photo1.png\",\"width\":488,\"height\":478},{\"@type\":\"BreadcrumbList\",\"@id\":\"https:\/\/hassanbousbaa.com\/index.php\/qui-suis-je\/#breadcrumb\",\"itemListElement\":[{\"@type\":\"ListItem\",\"position\":1,\"name\":\"Accueil\",\"item\":\"https:\/\/hassanbousbaa.com\/\"},{\"@type\":\"ListItem\",\"position\":2,\"name\":\"Qui suis-je ?\"}]},{\"@type\":\"WebSite\",\"@id\":\"https:\/\/hassanbousbaa.com\/#website\",\"url\":\"https:\/\/hassanbousbaa.com\/\",\"name\":\"Hassan Bousbaa\",\"description\":\"Hassan Bousbaa\",\"potentialAction\":[{\"@type\":\"SearchAction\",\"target\":{\"@type\":\"EntryPoint\",\"urlTemplate\":\"https:\/\/hassanbousbaa.com\/?s={search_term_string}\"},\"query-input\":{\"@type\":\"PropertyValueSpecification\",\"valueRequired\":true,\"valueName\":\"search_term_string\"}}],\"inLanguage\":\"fr-FR\"}]}<\/script>\n<!-- \/ Yoast SEO plugin. -->","yoast_head_json":{"title":"Qui suis-je ? - Hassan Bousbaa","robots":{"index":"index","follow":"follow","max-snippet":"max-snippet:-1","max-image-preview":"max-image-preview:large","max-video-preview":"max-video-preview:-1"},"canonical":"https:\/\/hassanbousbaa.com\/index.php\/qui-suis-je\/","og_locale":"fr_FR","og_type":"article","og_title":"Qui suis-je ? - Hassan Bousbaa","og_description":"Qui suis-je ? Humilit\u00e9 et Bienveillance \u00ab Le meilleur savoir est la connaissance de soi-m\u00eame \u00bb Mamadou Coulibaly Je suis Hassan Bousbaa Dipl\u00f4m\u00e9 de l&rsquo;\u00c9cole sup\u00e9rieure de Commerce de Paris et de l&rsquo;Universit\u00e9 Paris IX Dauphine (Doctorat). Plus de 30 ans d\u2019expertise au service de l\u2019Homme et de l\u2019Entreprise (voir Profil Linkedin) Mes Exp\u00e9riences Successives&hellip;&nbsp;Lire la suite &raquo;Qui suis-je ?","og_url":"https:\/\/hassanbousbaa.com\/index.php\/qui-suis-je\/","og_site_name":"Hassan Bousbaa","article_modified_time":"2022-02-20T09:39:48+00:00","og_image":[{"url":"https:\/\/hassanbousbaa.com\/wp-content\/uploads\/2021\/01\/photo1.png","type":"","width":"","height":""}],"twitter_card":"summary_large_image","twitter_misc":{"Dur\u00e9e de lecture estim\u00e9e":"2 minutes"},"schema":{"@context":"https:\/\/schema.org","@graph":[{"@type":"WebPage","@id":"https:\/\/hassanbousbaa.com\/index.php\/qui-suis-je\/","url":"https:\/\/hassanbousbaa.com\/index.php\/qui-suis-je\/","name":"Qui suis-je ? - Hassan Bousbaa","isPartOf":{"@id":"https:\/\/hassanbousbaa.com\/#website"},"primaryImageOfPage":{"@id":"https:\/\/hassanbousbaa.com\/index.php\/qui-suis-je\/#primaryimage"},"image":{"@id":"https:\/\/hassanbousbaa.com\/index.php\/qui-suis-je\/#primaryimage"},"thumbnailUrl":"https:\/\/hassanbousbaa.com\/wp-content\/uploads\/2021\/01\/photo1.png","datePublished":"2020-10-30T17:17:17+00:00","dateModified":"2022-02-20T09:39:48+00:00","breadcrumb":{"@id":"https:\/\/hassanbousbaa.com\/index.php\/qui-suis-je\/#breadcrumb"},"inLanguage":"fr-FR","potentialAction":[{"@type":"ReadAction","target":["https:\/\/hassanbousbaa.com\/index.php\/qui-suis-je\/"]}]},{"@type":"ImageObject","inLanguage":"fr-FR","@id":"https:\/\/hassanbousbaa.com\/index.php\/qui-suis-je\/#primaryimage","url":"https:\/\/hassanbousbaa.com\/wp-content\/uploads\/2021\/01\/photo1.png","contentUrl":"https:\/\/hassanbousbaa.com\/wp-content\/uploads\/2021\/01\/photo1.png","width":488,"height":478},{"@type":"BreadcrumbList","@id":"https:\/\/hassanbousbaa.com\/index.php\/qui-suis-je\/#breadcrumb","itemListElement":[{"@type":"ListItem","position":1,"name":"Accueil","item":"https:\/\/hassanbousbaa.com\/"},{"@type":"ListItem","position":2,"name":"Qui suis-je ?"}]},{"@type":"WebSite","@id":"https:\/\/hassanbousbaa.com\/#website","url":"https:\/\/hassanbousbaa.com\/","name":"Hassan Bousbaa","description":"Hassan Bousbaa","potentialAction":[{"@type":"SearchAction","target":{"@type":"EntryPoint","urlTemplate":"https:\/\/hassanbousbaa.com\/?s={search_term_string}"},"query-input":{"@type":"PropertyValueSpecification","valueRequired":true,"valueName":"search_term_string"}}],"inLanguage":"fr-FR"}]}},"jetpack_sharing_enabled":true,"_links":{"self":[{"href":"https:\/\/hassanbousbaa.com\/index.php\/wp-json\/wp\/v2\/pages\/9","targetHints":{"allow":["GET"]}}],"collection":[{"href":"https:\/\/hassanbousbaa.com\/index.php\/wp-json\/wp\/v2\/pages"}],"about":[{"href":"https:\/\/hassanbousbaa.com\/index.php\/wp-json\/wp\/v2\/types\/page"}],"author":[{"embeddable":true,"href":"https:\/\/hassanbousbaa.com\/index.php\/wp-json\/wp\/v2\/users\/1"}],"replies":[{"embeddable":true,"href":"https:\/\/hassanbousbaa.com\/index.php\/wp-json\/wp\/v2\/comments?post=9"}],"version-history":[{"count":87,"href":"https:\/\/hassanbousbaa.com\/index.php\/wp-json\/wp\/v2\/pages\/9\/revisions"}],"predecessor-version":[{"id":1328,"href":"https:\/\/hassanbousbaa.com\/index.php\/wp-json\/wp\/v2\/pages\/9\/revisions\/1328"}],"wp:attachment":[{"href":"https:\/\/hassanbousbaa.com\/index.php\/wp-json\/wp\/v2\/media?parent=9"}],"curies":[{"name":"wp","href":"https:\/\/api.w.org\/{rel}","templated":true}]}}