{"id":14,"date":"2020-10-30T18:17:18","date_gmt":"2020-10-30T17:17:18","guid":{"rendered":"https:\/\/hassanbousbaa.com\/?page_id=14"},"modified":"2021-08-22T12:36:32","modified_gmt":"2021-08-22T10:36:32","slug":"mes-invitations","status":"publish","type":"page","link":"https:\/\/hassanbousbaa.com\/index.php\/mes-invitations\/","title":{"rendered":"Mes invitations"},"content":{"rendered":"\t\t<div data-elementor-type=\"wp-page\" data-elementor-id=\"14\" class=\"elementor elementor-14\">\n\t\t\t\t\t\t\t\t\t<section class=\"elementor-section elementor-top-section elementor-element elementor-element-1bd9134 elementor-section-boxed elementor-section-height-default elementor-section-height-default\" data-id=\"1bd9134\" data-element_type=\"section\">\n\t\t\t\t\t\t<div class=\"elementor-container elementor-column-gap-default\">\n\t\t\t\t\t<div class=\"elementor-column elementor-col-100 elementor-top-column elementor-element elementor-element-c854ff7\" data-id=\"c854ff7\" data-element_type=\"column\">\n\t\t\t<div class=\"elementor-widget-wrap elementor-element-populated\">\n\t\t\t\t\t\t\t\t<div class=\"elementor-element elementor-element-383cefa elementor-widget elementor-widget-heading\" data-id=\"383cefa\" data-element_type=\"widget\" data-widget_type=\"heading.default\">\n\t\t\t\t<div class=\"elementor-widget-container\">\n\t\t\t<h2 class=\"elementor-heading-title elementor-size-xl\">Mes invitations<\/h2>\t\t<\/div>\n\t\t\t\t<\/div>\n\t\t\t\t\t<\/div>\n\t\t<\/div>\n\t\t\t\t\t\t\t<\/div>\n\t\t<\/section>\n\t\t\t\t<section class=\"elementor-section elementor-top-section elementor-element elementor-element-d9c0adb elementor-section-boxed elementor-section-height-default elementor-section-height-default\" data-id=\"d9c0adb\" data-element_type=\"section\">\n\t\t\t\t\t\t<div class=\"elementor-container elementor-column-gap-default\">\n\t\t\t\t\t<div class=\"elementor-column elementor-col-100 elementor-top-column elementor-element elementor-element-5021a96\" data-id=\"5021a96\" data-element_type=\"column\">\n\t\t\t<div class=\"elementor-widget-wrap elementor-element-populated\">\n\t\t\t\t\t\t\t\t<div class=\"elementor-element elementor-element-834de7f elementor-widget elementor-widget-heading\" data-id=\"834de7f\" data-element_type=\"widget\" data-widget_type=\"heading.default\">\n\t\t\t\t<div class=\"elementor-widget-container\">\n\t\t\t<h2 class=\"elementor-heading-title elementor-size-default\">Confidentialit\u00e9... Utilit\u00e9... Convivialit\u00e9<\/h2>\t\t<\/div>\n\t\t\t\t<\/div>\n\t\t\t\t\t<\/div>\n\t\t<\/div>\n\t\t\t\t\t\t\t<\/div>\n\t\t<\/section>\n\t\t\t\t<section class=\"elementor-section elementor-top-section elementor-element elementor-element-06079fa elementor-section-boxed elementor-section-height-default elementor-section-height-default\" data-id=\"06079fa\" data-element_type=\"section\">\n\t\t\t\t\t\t<div class=\"elementor-container elementor-column-gap-default\">\n\t\t\t\t\t<div class=\"elementor-column elementor-col-50 elementor-top-column elementor-element elementor-element-5b17687\" data-id=\"5b17687\" data-element_type=\"column\">\n\t\t\t<div class=\"elementor-widget-wrap elementor-element-populated\">\n\t\t\t\t\t\t\t\t<div class=\"elementor-element elementor-element-8eeefba elementor-widget elementor-widget-text-editor\" data-id=\"8eeefba\" data-element_type=\"widget\" data-widget_type=\"text-editor.default\">\n\t\t\t\t<div class=\"elementor-widget-container\">\n\t\t\t\t\t\t\t<p>\u00ab Je pense et m&rsquo; attends toujours au positif, et il finit par arriver \u00bb<\/p>\t\t\t\t\t\t<\/div>\n\t\t\t\t<\/div>\n\t\t\t\t\t<\/div>\n\t\t<\/div>\n\t\t\t\t<div class=\"elementor-column elementor-col-50 elementor-top-column elementor-element elementor-element-291916e\" data-id=\"291916e\" data-element_type=\"column\">\n\t\t\t<div class=\"elementor-widget-wrap elementor-element-populated\">\n\t\t\t\t\t\t\t\t<div class=\"elementor-element elementor-element-ef18ea9 elementor-widget elementor-widget-text-editor\" data-id=\"ef18ea9\" data-element_type=\"widget\" data-widget_type=\"text-editor.default\">\n\t\t\t\t<div class=\"elementor-widget-container\">\n\t\t\t\t\t\t\t<p>Hassan Bousbaa<\/p>\t\t\t\t\t\t<\/div>\n\t\t\t\t<\/div>\n\t\t\t\t\t<\/div>\n\t\t<\/div>\n\t\t\t\t\t\t\t<\/div>\n\t\t<\/section>\n\t\t\t\t<section class=\"elementor-section elementor-top-section elementor-element elementor-element-4051d70 elementor-section-boxed elementor-section-height-default elementor-section-height-default\" data-id=\"4051d70\" data-element_type=\"section\">\n\t\t\t\t\t\t<div class=\"elementor-container elementor-column-gap-default\">\n\t\t\t\t\t<div class=\"elementor-column elementor-col-33 elementor-top-column elementor-element elementor-element-836b744\" data-id=\"836b744\" data-element_type=\"column\">\n\t\t\t<div class=\"elementor-widget-wrap elementor-element-populated\">\n\t\t\t\t\t\t\t\t<div class=\"elementor-element elementor-element-c196bc8 elementor-widget elementor-widget-heading\" data-id=\"c196bc8\" data-element_type=\"widget\" data-widget_type=\"heading.default\">\n\t\t\t\t<div class=\"elementor-widget-container\">\n\t\t\t<h2 class=\"elementor-heading-title elementor-size-default\"><a href=\"https:\/\/hassanbousbaa.com\/index.php\/faisons-plus-connaissance\/\">Faisons plus connaissance<\/a><\/h2>\t\t<\/div>\n\t\t\t\t<\/div>\n\t\t\t\t\t<\/div>\n\t\t<\/div>\n\t\t\t\t<div class=\"elementor-column elementor-col-33 elementor-top-column elementor-element elementor-element-cb3e0f3\" data-id=\"cb3e0f3\" data-element_type=\"column\">\n\t\t\t<div class=\"elementor-widget-wrap elementor-element-populated\">\n\t\t\t\t\t\t\t\t<div class=\"elementor-element elementor-element-f5b6c1f elementor-widget elementor-widget-heading\" data-id=\"f5b6c1f\" data-element_type=\"widget\" data-widget_type=\"heading.default\">\n\t\t\t\t<div class=\"elementor-widget-container\">\n\t\t\t<h2 class=\"elementor-heading-title elementor-size-default\"><a href=\"https:\/\/hassanbousbaa.com\/index.php\/decouvrir-mes-ebooks\/\">D\u00e9couvrir mes livres<\/a><\/h2>\t\t<\/div>\n\t\t\t\t<\/div>\n\t\t\t\t\t<\/div>\n\t\t<\/div>\n\t\t\t\t<div class=\"elementor-column elementor-col-33 elementor-top-column elementor-element elementor-element-dcd3c6d\" data-id=\"dcd3c6d\" data-element_type=\"column\">\n\t\t\t<div class=\"elementor-widget-wrap elementor-element-populated\">\n\t\t\t\t\t\t\t\t<div class=\"elementor-element elementor-element-2e0f711 elementor-widget elementor-widget-heading\" data-id=\"2e0f711\" data-element_type=\"widget\" data-widget_type=\"heading.default\">\n\t\t\t\t<div class=\"elementor-widget-container\">\n\t\t\t<h2 class=\"elementor-heading-title elementor-size-default\"><a href=\"https:\/\/hassanbousbaa.com\/index.php\/lecture-conseillee\/\">Ressources utiles<\/a><\/h2>\t\t<\/div>\n\t\t\t\t<\/div>\n\t\t\t\t\t<\/div>\n\t\t<\/div>\n\t\t\t\t\t\t\t<\/div>\n\t\t<\/section>\n\t\t\t\t<section class=\"elementor-section elementor-top-section elementor-element elementor-element-2f32ebf elementor-hidden-phone elementor-section-boxed elementor-section-height-default elementor-section-height-default\" data-id=\"2f32ebf\" data-element_type=\"section\">\n\t\t\t\t\t\t<div class=\"elementor-container elementor-column-gap-default\">\n\t\t\t\t\t<div class=\"elementor-column elementor-col-33 elementor-top-column elementor-element elementor-element-c755891\" data-id=\"c755891\" data-element_type=\"column\">\n\t\t\t<div class=\"elementor-widget-wrap elementor-element-populated\">\n\t\t\t\t\t\t\t\t<div class=\"elementor-element elementor-element-6e51a61 elementor-widget elementor-widget-image\" data-id=\"6e51a61\" data-element_type=\"widget\" data-widget_type=\"image.default\">\n\t\t\t\t<div class=\"elementor-widget-container\">\n\t\t\t\t\t\t\t\t\t\t\t\t\t\t\t\t<a href=\"https:\/\/hassanbousbaa.com\/index.php\/faisons-plus-connaissance\/\">\n\t\t\t\t\t\t\t<img loading=\"lazy\" decoding=\"async\" width=\"640\" height=\"260\" src=\"https:\/\/hassanbousbaa.com\/wp-content\/uploads\/2020\/12\/handshake-5760544_640-Copie-1.jpg\" class=\"attachment-large size-large wp-image-382\" alt=\"\" srcset=\"https:\/\/hassanbousbaa.com\/wp-content\/uploads\/2020\/12\/handshake-5760544_640-Copie-1.jpg 640w, https:\/\/hassanbousbaa.com\/wp-content\/uploads\/2020\/12\/handshake-5760544_640-Copie-1-300x122.jpg 300w\" sizes=\"auto, (max-width: 640px) 100vw, 640px\" \/>\t\t\t\t\t\t\t\t<\/a>\n\t\t\t\t\t\t\t\t\t\t\t\t\t\t\t<\/div>\n\t\t\t\t<\/div>\n\t\t\t\t\t<\/div>\n\t\t<\/div>\n\t\t\t\t<div class=\"elementor-column elementor-col-33 elementor-top-column elementor-element elementor-element-9b7ebdd\" data-id=\"9b7ebdd\" data-element_type=\"column\">\n\t\t\t<div class=\"elementor-widget-wrap elementor-element-populated\">\n\t\t\t\t\t\t\t\t<div class=\"elementor-element elementor-element-2cd6efe elementor-widget elementor-widget-image\" data-id=\"2cd6efe\" data-element_type=\"widget\" data-widget_type=\"image.default\">\n\t\t\t\t<div class=\"elementor-widget-container\">\n\t\t\t\t\t\t\t\t\t\t\t\t\t\t\t\t<a href=\"https:\/\/hassanbousbaa.com\/index.php\/decouvrir-mes-ebooks\/\">\n\t\t\t\t\t\t\t<img loading=\"lazy\" decoding=\"async\" width=\"640\" height=\"260\" src=\"https:\/\/hassanbousbaa.com\/wp-content\/uploads\/2020\/11\/livre_640-Copie-1.jpg\" class=\"attachment-large size-large wp-image-124\" alt=\"\" srcset=\"https:\/\/hassanbousbaa.com\/wp-content\/uploads\/2020\/11\/livre_640-Copie-1.jpg 640w, https:\/\/hassanbousbaa.com\/wp-content\/uploads\/2020\/11\/livre_640-Copie-1-300x122.jpg 300w\" sizes=\"auto, (max-width: 640px) 100vw, 640px\" \/>\t\t\t\t\t\t\t\t<\/a>\n\t\t\t\t\t\t\t\t\t\t\t\t\t\t\t<\/div>\n\t\t\t\t<\/div>\n\t\t\t\t\t<\/div>\n\t\t<\/div>\n\t\t\t\t<div class=\"elementor-column elementor-col-33 elementor-top-column elementor-element elementor-element-5ffd3b0\" data-id=\"5ffd3b0\" data-element_type=\"column\">\n\t\t\t<div class=\"elementor-widget-wrap elementor-element-populated\">\n\t\t\t\t\t\t\t\t<div class=\"elementor-element elementor-element-0800b5f elementor-widget elementor-widget-image\" data-id=\"0800b5f\" data-element_type=\"widget\" data-widget_type=\"image.default\">\n\t\t\t\t<div class=\"elementor-widget-container\">\n\t\t\t\t\t\t\t\t\t\t\t\t\t\t\t\t<a href=\"https:\/\/hassanbousbaa.com\/index.php\/lecture-conseillee\/\">\n\t\t\t\t\t\t\t<img loading=\"lazy\" decoding=\"async\" width=\"640\" height=\"260\" src=\"https:\/\/hassanbousbaa.com\/wp-content\/uploads\/2020\/11\/books-1617327_640-Copie.jpg\" class=\"attachment-large size-large wp-image-125\" alt=\"\" srcset=\"https:\/\/hassanbousbaa.com\/wp-content\/uploads\/2020\/11\/books-1617327_640-Copie.jpg 640w, https:\/\/hassanbousbaa.com\/wp-content\/uploads\/2020\/11\/books-1617327_640-Copie-300x122.jpg 300w\" sizes=\"auto, (max-width: 640px) 100vw, 640px\" \/>\t\t\t\t\t\t\t\t<\/a>\n\t\t\t\t\t\t\t\t\t\t\t\t\t\t\t<\/div>\n\t\t\t\t<\/div>\n\t\t\t\t\t<\/div>\n\t\t<\/div>\n\t\t\t\t\t\t\t<\/div>\n\t\t<\/section>\n\t\t\t\t<section class=\"elementor-section elementor-top-section elementor-element elementor-element-93a1ca5 elementor-section-boxed elementor-section-height-default elementor-section-height-default\" data-id=\"93a1ca5\" data-element_type=\"section\">\n\t\t\t\t\t\t<div class=\"elementor-container elementor-column-gap-default\">\n\t\t\t\t\t<div class=\"elementor-column elementor-col-33 elementor-top-column elementor-element elementor-element-bae7935\" data-id=\"bae7935\" data-element_type=\"column\">\n\t\t\t<div class=\"elementor-widget-wrap\">\n\t\t\t\t\t\t\t\t\t<\/div>\n\t\t<\/div>\n\t\t\t\t<div class=\"elementor-column elementor-col-33 elementor-top-column elementor-element elementor-element-6f68f4a\" data-id=\"6f68f4a\" data-element_type=\"column\">\n\t\t\t<div class=\"elementor-widget-wrap elementor-element-populated\">\n\t\t\t\t\t\t\t\t<div class=\"elementor-element elementor-element-ef61146 elementor-widget elementor-widget-heading\" data-id=\"ef61146\" data-element_type=\"widget\" data-widget_type=\"heading.default\">\n\t\t\t\t<div class=\"elementor-widget-container\">\n\t\t\t<h2 class=\"elementor-heading-title elementor-size-default\"><a href=\"https:\/\/hassanbousbaa.com\/index.php\/rejoindre-generations-positives\/\">Rejoindre \u00ab G\u00e9n\u00e9rations Positives \u00bb<\/a><\/h2>\t\t<\/div>\n\t\t\t\t<\/div>\n\t\t\t\t\t<\/div>\n\t\t<\/div>\n\t\t\t\t<div class=\"elementor-column elementor-col-33 elementor-top-column elementor-element elementor-element-dfa2bd0\" data-id=\"dfa2bd0\" data-element_type=\"column\">\n\t\t\t<div class=\"elementor-widget-wrap\">\n\t\t\t\t\t\t\t\t\t<\/div>\n\t\t<\/div>\n\t\t\t\t\t\t\t<\/div>\n\t\t<\/section>\n\t\t\t\t<section class=\"elementor-section elementor-top-section elementor-element elementor-element-ddd0f7b elementor-hidden-phone elementor-section-boxed elementor-section-height-default elementor-section-height-default\" data-id=\"ddd0f7b\" data-element_type=\"section\">\n\t\t\t\t\t\t<div class=\"elementor-container elementor-column-gap-default\">\n\t\t\t\t\t<div class=\"elementor-column elementor-col-33 elementor-top-column elementor-element elementor-element-79a95ce\" data-id=\"79a95ce\" data-element_type=\"column\">\n\t\t\t<div class=\"elementor-widget-wrap\">\n\t\t\t\t\t\t\t\t\t<\/div>\n\t\t<\/div>\n\t\t\t\t<div class=\"elementor-column elementor-col-33 elementor-top-column elementor-element elementor-element-ce03980\" data-id=\"ce03980\" data-element_type=\"column\">\n\t\t\t<div class=\"elementor-widget-wrap elementor-element-populated\">\n\t\t\t\t\t\t\t\t<div class=\"elementor-element elementor-element-d823afc elementor-widget elementor-widget-image\" data-id=\"d823afc\" data-element_type=\"widget\" data-widget_type=\"image.default\">\n\t\t\t\t<div class=\"elementor-widget-container\">\n\t\t\t\t\t\t\t\t\t\t\t\t\t\t\t\t<a href=\"https:\/\/hassanbousbaa.com\/index.php\/rejoindre-generations-positives\/\">\n\t\t\t\t\t\t\t<img loading=\"lazy\" decoding=\"async\" width=\"640\" height=\"260\" src=\"https:\/\/hassanbousbaa.com\/wp-content\/uploads\/2020\/11\/famille_1_640-Copie.jpg\" class=\"attachment-large size-large wp-image-126\" alt=\"\" srcset=\"https:\/\/hassanbousbaa.com\/wp-content\/uploads\/2020\/11\/famille_1_640-Copie.jpg 640w, https:\/\/hassanbousbaa.com\/wp-content\/uploads\/2020\/11\/famille_1_640-Copie-300x122.jpg 300w\" sizes=\"auto, (max-width: 640px) 100vw, 640px\" \/>\t\t\t\t\t\t\t\t<\/a>\n\t\t\t\t\t\t\t\t\t\t\t\t\t\t\t<\/div>\n\t\t\t\t<\/div>\n\t\t\t\t\t<\/div>\n\t\t<\/div>\n\t\t\t\t<div class=\"elementor-column elementor-col-33 elementor-top-column elementor-element elementor-element-c784fbe\" data-id=\"c784fbe\" data-element_type=\"column\">\n\t\t\t<div class=\"elementor-widget-wrap\">\n\t\t\t\t\t\t\t\t\t<\/div>\n\t\t<\/div>\n\t\t\t\t\t\t\t<\/div>\n\t\t<\/section>\n\t\t\t\t\t\t\t<\/div>\n\t\t","protected":false},"excerpt":{"rendered":"<p>Mes invitations Confidentialit\u00e9&#8230; Utilit\u00e9&#8230; Convivialit\u00e9 \u00ab Je pense et m&rsquo; attends toujours au positif, et il finit par arriver \u00bb Hassan Bousbaa Faisons plus connaissance D\u00e9couvrir mes livres Ressources utiles Rejoindre \u00ab G\u00e9n\u00e9rations Positives \u00bb<\/p>\n","protected":false},"author":1,"featured_media":0,"parent":0,"menu_order":0,"comment_status":"closed","ping_status":"closed","template":"page-templates\/template-pagebuilder-full-width.php","meta":{"neve_meta_sidebar":"","neve_meta_container":"","neve_meta_enable_content_width":"","neve_meta_content_width":0,"neve_meta_title_alignment":"","neve_meta_author_avatar":"","neve_post_elements_order":"","neve_meta_disable_header":"","neve_meta_disable_footer":"","neve_meta_disable_title":"","footnotes":""},"class_list":["post-14","page","type-page","status-publish","hentry"],"yoast_head":"<!-- This site is optimized with the Yoast SEO plugin v24.9 - https:\/\/yoast.com\/wordpress\/plugins\/seo\/ -->\n<title>Mes invitations - Hassan Bousbaa<\/title>\n<meta name=\"robots\" content=\"index, follow, max-snippet:-1, max-image-preview:large, max-video-preview:-1\" \/>\n<link rel=\"canonical\" href=\"https:\/\/hassanbousbaa.com\/index.php\/mes-invitations\/\" \/>\n<meta property=\"og:locale\" content=\"fr_FR\" \/>\n<meta property=\"og:type\" content=\"article\" \/>\n<meta property=\"og:title\" content=\"Mes invitations - Hassan Bousbaa\" \/>\n<meta property=\"og:description\" content=\"Mes invitations Confidentialit\u00e9&#8230; Utilit\u00e9&#8230; Convivialit\u00e9 \u00ab Je pense et m&rsquo; attends toujours au positif, et il finit par arriver \u00bb Hassan Bousbaa Faisons plus connaissance D\u00e9couvrir mes livres Ressources utiles Rejoindre \u00ab G\u00e9n\u00e9rations Positives \u00bb\" \/>\n<meta property=\"og:url\" content=\"https:\/\/hassanbousbaa.com\/index.php\/mes-invitations\/\" \/>\n<meta property=\"og:site_name\" content=\"Hassan Bousbaa\" \/>\n<meta property=\"article:modified_time\" content=\"2021-08-22T10:36:32+00:00\" \/>\n<meta property=\"og:image\" content=\"https:\/\/hassanbousbaa.com\/wp-content\/uploads\/2020\/12\/handshake-5760544_640-Copie-1.jpg\" \/>\n<meta name=\"twitter:card\" content=\"summary_large_image\" \/>\n<meta name=\"twitter:label1\" content=\"Dur\u00e9e de lecture estim\u00e9e\" \/>\n\t<meta name=\"twitter:data1\" content=\"1 minute\" \/>\n<script type=\"application\/ld+json\" class=\"yoast-schema-graph\">{\"@context\":\"https:\/\/schema.org\",\"@graph\":[{\"@type\":\"WebPage\",\"@id\":\"https:\/\/hassanbousbaa.com\/index.php\/mes-invitations\/\",\"url\":\"https:\/\/hassanbousbaa.com\/index.php\/mes-invitations\/\",\"name\":\"Mes invitations - Hassan Bousbaa\",\"isPartOf\":{\"@id\":\"https:\/\/hassanbousbaa.com\/#website\"},\"primaryImageOfPage\":{\"@id\":\"https:\/\/hassanbousbaa.com\/index.php\/mes-invitations\/#primaryimage\"},\"image\":{\"@id\":\"https:\/\/hassanbousbaa.com\/index.php\/mes-invitations\/#primaryimage\"},\"thumbnailUrl\":\"https:\/\/hassanbousbaa.com\/wp-content\/uploads\/2020\/12\/handshake-5760544_640-Copie-1.jpg\",\"datePublished\":\"2020-10-30T17:17:18+00:00\",\"dateModified\":\"2021-08-22T10:36:32+00:00\",\"breadcrumb\":{\"@id\":\"https:\/\/hassanbousbaa.com\/index.php\/mes-invitations\/#breadcrumb\"},\"inLanguage\":\"fr-FR\",\"potentialAction\":[{\"@type\":\"ReadAction\",\"target\":[\"https:\/\/hassanbousbaa.com\/index.php\/mes-invitations\/\"]}]},{\"@type\":\"ImageObject\",\"inLanguage\":\"fr-FR\",\"@id\":\"https:\/\/hassanbousbaa.com\/index.php\/mes-invitations\/#primaryimage\",\"url\":\"https:\/\/hassanbousbaa.com\/wp-content\/uploads\/2020\/12\/handshake-5760544_640-Copie-1.jpg\",\"contentUrl\":\"https:\/\/hassanbousbaa.com\/wp-content\/uploads\/2020\/12\/handshake-5760544_640-Copie-1.jpg\",\"width\":640,\"height\":260},{\"@type\":\"BreadcrumbList\",\"@id\":\"https:\/\/hassanbousbaa.com\/index.php\/mes-invitations\/#breadcrumb\",\"itemListElement\":[{\"@type\":\"ListItem\",\"position\":1,\"name\":\"Accueil\",\"item\":\"https:\/\/hassanbousbaa.com\/\"},{\"@type\":\"ListItem\",\"position\":2,\"name\":\"Mes invitations\"}]},{\"@type\":\"WebSite\",\"@id\":\"https:\/\/hassanbousbaa.com\/#website\",\"url\":\"https:\/\/hassanbousbaa.com\/\",\"name\":\"Hassan Bousbaa\",\"description\":\"Hassan Bousbaa\",\"potentialAction\":[{\"@type\":\"SearchAction\",\"target\":{\"@type\":\"EntryPoint\",\"urlTemplate\":\"https:\/\/hassanbousbaa.com\/?s={search_term_string}\"},\"query-input\":{\"@type\":\"PropertyValueSpecification\",\"valueRequired\":true,\"valueName\":\"search_term_string\"}}],\"inLanguage\":\"fr-FR\"}]}<\/script>\n<!-- \/ Yoast SEO plugin. -->","yoast_head_json":{"title":"Mes invitations - Hassan Bousbaa","robots":{"index":"index","follow":"follow","max-snippet":"max-snippet:-1","max-image-preview":"max-image-preview:large","max-video-preview":"max-video-preview:-1"},"canonical":"https:\/\/hassanbousbaa.com\/index.php\/mes-invitations\/","og_locale":"fr_FR","og_type":"article","og_title":"Mes invitations - Hassan Bousbaa","og_description":"Mes invitations Confidentialit\u00e9&#8230; Utilit\u00e9&#8230; Convivialit\u00e9 \u00ab Je pense et m&rsquo; attends toujours au positif, et il finit par arriver \u00bb Hassan Bousbaa Faisons plus connaissance D\u00e9couvrir mes livres Ressources utiles Rejoindre \u00ab G\u00e9n\u00e9rations Positives \u00bb","og_url":"https:\/\/hassanbousbaa.com\/index.php\/mes-invitations\/","og_site_name":"Hassan Bousbaa","article_modified_time":"2021-08-22T10:36:32+00:00","og_image":[{"url":"https:\/\/hassanbousbaa.com\/wp-content\/uploads\/2020\/12\/handshake-5760544_640-Copie-1.jpg","type":"","width":"","height":""}],"twitter_card":"summary_large_image","twitter_misc":{"Dur\u00e9e de lecture estim\u00e9e":"1 minute"},"schema":{"@context":"https:\/\/schema.org","@graph":[{"@type":"WebPage","@id":"https:\/\/hassanbousbaa.com\/index.php\/mes-invitations\/","url":"https:\/\/hassanbousbaa.com\/index.php\/mes-invitations\/","name":"Mes invitations - Hassan Bousbaa","isPartOf":{"@id":"https:\/\/hassanbousbaa.com\/#website"},"primaryImageOfPage":{"@id":"https:\/\/hassanbousbaa.com\/index.php\/mes-invitations\/#primaryimage"},"image":{"@id":"https:\/\/hassanbousbaa.com\/index.php\/mes-invitations\/#primaryimage"},"thumbnailUrl":"https:\/\/hassanbousbaa.com\/wp-content\/uploads\/2020\/12\/handshake-5760544_640-Copie-1.jpg","datePublished":"2020-10-30T17:17:18+00:00","dateModified":"2021-08-22T10:36:32+00:00","breadcrumb":{"@id":"https:\/\/hassanbousbaa.com\/index.php\/mes-invitations\/#breadcrumb"},"inLanguage":"fr-FR","potentialAction":[{"@type":"ReadAction","target":["https:\/\/hassanbousbaa.com\/index.php\/mes-invitations\/"]}]},{"@type":"ImageObject","inLanguage":"fr-FR","@id":"https:\/\/hassanbousbaa.com\/index.php\/mes-invitations\/#primaryimage","url":"https:\/\/hassanbousbaa.com\/wp-content\/uploads\/2020\/12\/handshake-5760544_640-Copie-1.jpg","contentUrl":"https:\/\/hassanbousbaa.com\/wp-content\/uploads\/2020\/12\/handshake-5760544_640-Copie-1.jpg","width":640,"height":260},{"@type":"BreadcrumbList","@id":"https:\/\/hassanbousbaa.com\/index.php\/mes-invitations\/#breadcrumb","itemListElement":[{"@type":"ListItem","position":1,"name":"Accueil","item":"https:\/\/hassanbousbaa.com\/"},{"@type":"ListItem","position":2,"name":"Mes invitations"}]},{"@type":"WebSite","@id":"https:\/\/hassanbousbaa.com\/#website","url":"https:\/\/hassanbousbaa.com\/","name":"Hassan Bousbaa","description":"Hassan Bousbaa","potentialAction":[{"@type":"SearchAction","target":{"@type":"EntryPoint","urlTemplate":"https:\/\/hassanbousbaa.com\/?s={search_term_string}"},"query-input":{"@type":"PropertyValueSpecification","valueRequired":true,"valueName":"search_term_string"}}],"inLanguage":"fr-FR"}]}},"jetpack_sharing_enabled":true,"_links":{"self":[{"href":"https:\/\/hassanbousbaa.com\/index.php\/wp-json\/wp\/v2\/pages\/14","targetHints":{"allow":["GET"]}}],"collection":[{"href":"https:\/\/hassanbousbaa.com\/index.php\/wp-json\/wp\/v2\/pages"}],"about":[{"href":"https:\/\/hassanbousbaa.com\/index.php\/wp-json\/wp\/v2\/types\/page"}],"author":[{"embeddable":true,"href":"https:\/\/hassanbousbaa.com\/index.php\/wp-json\/wp\/v2\/users\/1"}],"replies":[{"embeddable":true,"href":"https:\/\/hassanbousbaa.com\/index.php\/wp-json\/wp\/v2\/comments?post=14"}],"version-history":[{"count":38,"href":"https:\/\/hassanbousbaa.com\/index.php\/wp-json\/wp\/v2\/pages\/14\/revisions"}],"predecessor-version":[{"id":1217,"href":"https:\/\/hassanbousbaa.com\/index.php\/wp-json\/wp\/v2\/pages\/14\/revisions\/1217"}],"wp:attachment":[{"href":"https:\/\/hassanbousbaa.com\/index.php\/wp-json\/wp\/v2\/media?parent=14"}],"curies":[{"name":"wp","href":"https:\/\/api.w.org\/{rel}","templated":true}]}}