{"id":135,"date":"2020-11-08T14:13:05","date_gmt":"2020-11-08T13:13:05","guid":{"rendered":"https:\/\/hassanbousbaa.com\/?page_id=135"},"modified":"2021-01-24T13:23:46","modified_gmt":"2021-01-24T12:23:46","slug":"lecture-conseillee","status":"publish","type":"page","link":"https:\/\/hassanbousbaa.com\/index.php\/lecture-conseillee\/","title":{"rendered":"Lecture conseill\u00e9e"},"content":{"rendered":"\t\t<div data-elementor-type=\"wp-page\" data-elementor-id=\"135\" class=\"elementor elementor-135\">\n\t\t\t\t\t\t\t\t\t<section class=\"elementor-section elementor-top-section elementor-element elementor-element-7037010 elementor-section-boxed elementor-section-height-default elementor-section-height-default\" data-id=\"7037010\" data-element_type=\"section\">\n\t\t\t\t\t\t<div class=\"elementor-container elementor-column-gap-default\">\n\t\t\t\t\t<div class=\"elementor-column elementor-col-100 elementor-top-column elementor-element elementor-element-890b97b\" data-id=\"890b97b\" data-element_type=\"column\">\n\t\t\t<div class=\"elementor-widget-wrap elementor-element-populated\">\n\t\t\t\t\t\t\t\t<div class=\"elementor-element elementor-element-7c4348a elementor-widget elementor-widget-heading\" data-id=\"7c4348a\" data-element_type=\"widget\" data-widget_type=\"heading.default\">\n\t\t\t\t<div class=\"elementor-widget-container\">\n\t\t\t<h2 class=\"elementor-heading-title elementor-size-xl\">Ressources utiles<\/h2>\t\t<\/div>\n\t\t\t\t<\/div>\n\t\t\t\t\t<\/div>\n\t\t<\/div>\n\t\t\t\t\t\t\t<\/div>\n\t\t<\/section>\n\t\t\t\t<section class=\"elementor-section elementor-top-section elementor-element elementor-element-99cda1c elementor-section-boxed elementor-section-height-default elementor-section-height-default\" data-id=\"99cda1c\" data-element_type=\"section\">\n\t\t\t\t\t\t<div class=\"elementor-container elementor-column-gap-default\">\n\t\t\t\t\t<div class=\"elementor-column elementor-col-50 elementor-top-column elementor-element elementor-element-30d1b40\" data-id=\"30d1b40\" data-element_type=\"column\">\n\t\t\t<div class=\"elementor-widget-wrap elementor-element-populated\">\n\t\t\t\t\t\t\t\t<div class=\"elementor-element elementor-element-e9e3cd9 elementor-widget elementor-widget-image\" data-id=\"e9e3cd9\" data-element_type=\"widget\" data-widget_type=\"image.default\">\n\t\t\t\t<div class=\"elementor-widget-container\">\n\t\t\t\t\t\t\t\t\t\t\t\t\t\t\t<img loading=\"lazy\" decoding=\"async\" width=\"1024\" height=\"768\" src=\"https:\/\/hassanbousbaa.com\/wp-content\/uploads\/2020\/11\/under-construction-2891888_1280-1024x768.jpg\" class=\"attachment-large size-large wp-image-165\" alt=\"\" srcset=\"https:\/\/hassanbousbaa.com\/wp-content\/uploads\/2020\/11\/under-construction-2891888_1280-1024x768.jpg 1024w, https:\/\/hassanbousbaa.com\/wp-content\/uploads\/2020\/11\/under-construction-2891888_1280-300x225.jpg 300w, https:\/\/hassanbousbaa.com\/wp-content\/uploads\/2020\/11\/under-construction-2891888_1280-768x576.jpg 768w, https:\/\/hassanbousbaa.com\/wp-content\/uploads\/2020\/11\/under-construction-2891888_1280.jpg 1280w\" sizes=\"auto, (max-width: 1024px) 100vw, 1024px\" \/>\t\t\t\t\t\t\t\t\t\t\t\t\t\t\t<\/div>\n\t\t\t\t<\/div>\n\t\t\t\t\t<\/div>\n\t\t<\/div>\n\t\t\t\t<div class=\"elementor-column elementor-col-50 elementor-top-column elementor-element elementor-element-93731c6\" data-id=\"93731c6\" data-element_type=\"column\">\n\t\t\t<div class=\"elementor-widget-wrap elementor-element-populated\">\n\t\t\t\t\t\t\t\t<div class=\"elementor-element elementor-element-dba7e1c elementor-widget elementor-widget-text-editor\" data-id=\"dba7e1c\" data-element_type=\"widget\" data-widget_type=\"text-editor.default\">\n\t\t\t\t<div class=\"elementor-widget-container\">\n\t\t\t\t\t\t\t<p>Veuillez nous excusez pour la g\u00eane occasionn\u00e9e.<br \/>Cette partie du site est en cours de construction.<br \/>N\u2019h\u00e9sitez pas \u00e0 revenir tr\u00e8s prochainement pour d\u00e9couvrir son contenu !!<\/p>\t\t\t\t\t\t<\/div>\n\t\t\t\t<\/div>\n\t\t\t\t\t<\/div>\n\t\t<\/div>\n\t\t\t\t\t\t\t<\/div>\n\t\t<\/section>\n\t\t\t\t\t\t\t<\/div>\n\t\t","protected":false},"excerpt":{"rendered":"<p>Ressources utiles Veuillez nous excusez pour la g\u00eane occasionn\u00e9e.Cette partie du site est en cours de construction.N\u2019h\u00e9sitez pas \u00e0 revenir tr\u00e8s prochainement pour d\u00e9couvrir son contenu !!<\/p>\n","protected":false},"author":1,"featured_media":0,"parent":0,"menu_order":0,"comment_status":"closed","ping_status":"closed","template":"page-templates\/template-pagebuilder-full-width.php","meta":{"neve_meta_sidebar":"","neve_meta_container":"","neve_meta_enable_content_width":"","neve_meta_content_width":0,"neve_meta_title_alignment":"","neve_meta_author_avatar":"","neve_post_elements_order":"","neve_meta_disable_header":"","neve_meta_disable_footer":"","neve_meta_disable_title":"","footnotes":""},"class_list":["post-135","page","type-page","status-publish","hentry"],"yoast_head":"<!-- This site is optimized with the Yoast SEO plugin v24.9 - https:\/\/yoast.com\/wordpress\/plugins\/seo\/ -->\n<title>Lecture conseill\u00e9e - Hassan Bousbaa<\/title>\n<meta name=\"robots\" content=\"index, follow, max-snippet:-1, max-image-preview:large, max-video-preview:-1\" \/>\n<link rel=\"canonical\" href=\"https:\/\/hassanbousbaa.com\/index.php\/lecture-conseillee\/\" \/>\n<meta property=\"og:locale\" content=\"fr_FR\" \/>\n<meta property=\"og:type\" content=\"article\" \/>\n<meta property=\"og:title\" content=\"Lecture conseill\u00e9e - Hassan Bousbaa\" \/>\n<meta property=\"og:description\" content=\"Ressources utiles Veuillez nous excusez pour la g\u00eane occasionn\u00e9e.Cette partie du site est en cours de construction.N\u2019h\u00e9sitez pas \u00e0 revenir tr\u00e8s prochainement pour d\u00e9couvrir son contenu !!\" \/>\n<meta property=\"og:url\" content=\"https:\/\/hassanbousbaa.com\/index.php\/lecture-conseillee\/\" \/>\n<meta property=\"og:site_name\" content=\"Hassan Bousbaa\" \/>\n<meta property=\"article:modified_time\" content=\"2021-01-24T12:23:46+00:00\" \/>\n<meta property=\"og:image\" content=\"https:\/\/hassanbousbaa.com\/wp-content\/uploads\/2020\/11\/under-construction-2891888_1280-1024x768.jpg\" \/>\n<meta name=\"twitter:card\" content=\"summary_large_image\" \/>\n<meta name=\"twitter:label1\" content=\"Dur\u00e9e de lecture estim\u00e9e\" \/>\n\t<meta name=\"twitter:data1\" content=\"1 minute\" \/>\n<script type=\"application\/ld+json\" class=\"yoast-schema-graph\">{\"@context\":\"https:\/\/schema.org\",\"@graph\":[{\"@type\":\"WebPage\",\"@id\":\"https:\/\/hassanbousbaa.com\/index.php\/lecture-conseillee\/\",\"url\":\"https:\/\/hassanbousbaa.com\/index.php\/lecture-conseillee\/\",\"name\":\"Lecture conseill\u00e9e - Hassan Bousbaa\",\"isPartOf\":{\"@id\":\"https:\/\/hassanbousbaa.com\/#website\"},\"primaryImageOfPage\":{\"@id\":\"https:\/\/hassanbousbaa.com\/index.php\/lecture-conseillee\/#primaryimage\"},\"image\":{\"@id\":\"https:\/\/hassanbousbaa.com\/index.php\/lecture-conseillee\/#primaryimage\"},\"thumbnailUrl\":\"https:\/\/hassanbousbaa.com\/wp-content\/uploads\/2020\/11\/under-construction-2891888_1280-1024x768.jpg\",\"datePublished\":\"2020-11-08T13:13:05+00:00\",\"dateModified\":\"2021-01-24T12:23:46+00:00\",\"breadcrumb\":{\"@id\":\"https:\/\/hassanbousbaa.com\/index.php\/lecture-conseillee\/#breadcrumb\"},\"inLanguage\":\"fr-FR\",\"potentialAction\":[{\"@type\":\"ReadAction\",\"target\":[\"https:\/\/hassanbousbaa.com\/index.php\/lecture-conseillee\/\"]}]},{\"@type\":\"ImageObject\",\"inLanguage\":\"fr-FR\",\"@id\":\"https:\/\/hassanbousbaa.com\/index.php\/lecture-conseillee\/#primaryimage\",\"url\":\"https:\/\/hassanbousbaa.com\/wp-content\/uploads\/2020\/11\/under-construction-2891888_1280.jpg\",\"contentUrl\":\"https:\/\/hassanbousbaa.com\/wp-content\/uploads\/2020\/11\/under-construction-2891888_1280.jpg\",\"width\":1280,\"height\":960},{\"@type\":\"BreadcrumbList\",\"@id\":\"https:\/\/hassanbousbaa.com\/index.php\/lecture-conseillee\/#breadcrumb\",\"itemListElement\":[{\"@type\":\"ListItem\",\"position\":1,\"name\":\"Accueil\",\"item\":\"https:\/\/hassanbousbaa.com\/\"},{\"@type\":\"ListItem\",\"position\":2,\"name\":\"Lecture conseill\u00e9e\"}]},{\"@type\":\"WebSite\",\"@id\":\"https:\/\/hassanbousbaa.com\/#website\",\"url\":\"https:\/\/hassanbousbaa.com\/\",\"name\":\"Hassan Bousbaa\",\"description\":\"Hassan Bousbaa\",\"potentialAction\":[{\"@type\":\"SearchAction\",\"target\":{\"@type\":\"EntryPoint\",\"urlTemplate\":\"https:\/\/hassanbousbaa.com\/?s={search_term_string}\"},\"query-input\":{\"@type\":\"PropertyValueSpecification\",\"valueRequired\":true,\"valueName\":\"search_term_string\"}}],\"inLanguage\":\"fr-FR\"}]}<\/script>\n<!-- \/ Yoast SEO plugin. -->","yoast_head_json":{"title":"Lecture conseill\u00e9e - Hassan Bousbaa","robots":{"index":"index","follow":"follow","max-snippet":"max-snippet:-1","max-image-preview":"max-image-preview:large","max-video-preview":"max-video-preview:-1"},"canonical":"https:\/\/hassanbousbaa.com\/index.php\/lecture-conseillee\/","og_locale":"fr_FR","og_type":"article","og_title":"Lecture conseill\u00e9e - Hassan Bousbaa","og_description":"Ressources utiles Veuillez nous excusez pour la g\u00eane occasionn\u00e9e.Cette partie du site est en cours de construction.N\u2019h\u00e9sitez pas \u00e0 revenir tr\u00e8s prochainement pour d\u00e9couvrir son contenu !!","og_url":"https:\/\/hassanbousbaa.com\/index.php\/lecture-conseillee\/","og_site_name":"Hassan Bousbaa","article_modified_time":"2021-01-24T12:23:46+00:00","og_image":[{"url":"https:\/\/hassanbousbaa.com\/wp-content\/uploads\/2020\/11\/under-construction-2891888_1280-1024x768.jpg","type":"","width":"","height":""}],"twitter_card":"summary_large_image","twitter_misc":{"Dur\u00e9e de lecture estim\u00e9e":"1 minute"},"schema":{"@context":"https:\/\/schema.org","@graph":[{"@type":"WebPage","@id":"https:\/\/hassanbousbaa.com\/index.php\/lecture-conseillee\/","url":"https:\/\/hassanbousbaa.com\/index.php\/lecture-conseillee\/","name":"Lecture conseill\u00e9e - Hassan Bousbaa","isPartOf":{"@id":"https:\/\/hassanbousbaa.com\/#website"},"primaryImageOfPage":{"@id":"https:\/\/hassanbousbaa.com\/index.php\/lecture-conseillee\/#primaryimage"},"image":{"@id":"https:\/\/hassanbousbaa.com\/index.php\/lecture-conseillee\/#primaryimage"},"thumbnailUrl":"https:\/\/hassanbousbaa.com\/wp-content\/uploads\/2020\/11\/under-construction-2891888_1280-1024x768.jpg","datePublished":"2020-11-08T13:13:05+00:00","dateModified":"2021-01-24T12:23:46+00:00","breadcrumb":{"@id":"https:\/\/hassanbousbaa.com\/index.php\/lecture-conseillee\/#breadcrumb"},"inLanguage":"fr-FR","potentialAction":[{"@type":"ReadAction","target":["https:\/\/hassanbousbaa.com\/index.php\/lecture-conseillee\/"]}]},{"@type":"ImageObject","inLanguage":"fr-FR","@id":"https:\/\/hassanbousbaa.com\/index.php\/lecture-conseillee\/#primaryimage","url":"https:\/\/hassanbousbaa.com\/wp-content\/uploads\/2020\/11\/under-construction-2891888_1280.jpg","contentUrl":"https:\/\/hassanbousbaa.com\/wp-content\/uploads\/2020\/11\/under-construction-2891888_1280.jpg","width":1280,"height":960},{"@type":"BreadcrumbList","@id":"https:\/\/hassanbousbaa.com\/index.php\/lecture-conseillee\/#breadcrumb","itemListElement":[{"@type":"ListItem","position":1,"name":"Accueil","item":"https:\/\/hassanbousbaa.com\/"},{"@type":"ListItem","position":2,"name":"Lecture conseill\u00e9e"}]},{"@type":"WebSite","@id":"https:\/\/hassanbousbaa.com\/#website","url":"https:\/\/hassanbousbaa.com\/","name":"Hassan Bousbaa","description":"Hassan Bousbaa","potentialAction":[{"@type":"SearchAction","target":{"@type":"EntryPoint","urlTemplate":"https:\/\/hassanbousbaa.com\/?s={search_term_string}"},"query-input":{"@type":"PropertyValueSpecification","valueRequired":true,"valueName":"search_term_string"}}],"inLanguage":"fr-FR"}]}},"jetpack_sharing_enabled":true,"_links":{"self":[{"href":"https:\/\/hassanbousbaa.com\/index.php\/wp-json\/wp\/v2\/pages\/135","targetHints":{"allow":["GET"]}}],"collection":[{"href":"https:\/\/hassanbousbaa.com\/index.php\/wp-json\/wp\/v2\/pages"}],"about":[{"href":"https:\/\/hassanbousbaa.com\/index.php\/wp-json\/wp\/v2\/types\/page"}],"author":[{"embeddable":true,"href":"https:\/\/hassanbousbaa.com\/index.php\/wp-json\/wp\/v2\/users\/1"}],"replies":[{"embeddable":true,"href":"https:\/\/hassanbousbaa.com\/index.php\/wp-json\/wp\/v2\/comments?post=135"}],"version-history":[{"count":13,"href":"https:\/\/hassanbousbaa.com\/index.php\/wp-json\/wp\/v2\/pages\/135\/revisions"}],"predecessor-version":[{"id":657,"href":"https:\/\/hassanbousbaa.com\/index.php\/wp-json\/wp\/v2\/pages\/135\/revisions\/657"}],"wp:attachment":[{"href":"https:\/\/hassanbousbaa.com\/index.php\/wp-json\/wp\/v2\/media?parent=135"}],"curies":[{"name":"wp","href":"https:\/\/api.w.org\/{rel}","templated":true}]}}