{"id":133,"date":"2020-11-08T14:13:05","date_gmt":"2020-11-08T13:13:05","guid":{"rendered":"https:\/\/hassanbousbaa.com\/?page_id=133"},"modified":"2022-02-20T11:00:02","modified_gmt":"2022-02-20T10:00:02","slug":"decouvrir-mes-ebooks","status":"publish","type":"page","link":"https:\/\/hassanbousbaa.com\/index.php\/decouvrir-mes-ebooks\/","title":{"rendered":"D\u00e9couvrir mes ebooks"},"content":{"rendered":"\t\t<div data-elementor-type=\"wp-page\" data-elementor-id=\"133\" class=\"elementor elementor-133\">\n\t\t\t\t\t\t\t\t\t<section class=\"elementor-section elementor-top-section elementor-element elementor-element-88c4664 elementor-section-boxed elementor-section-height-default elementor-section-height-default\" data-id=\"88c4664\" data-element_type=\"section\">\n\t\t\t\t\t\t<div class=\"elementor-container elementor-column-gap-default\">\n\t\t\t\t\t<div class=\"elementor-column elementor-col-100 elementor-top-column elementor-element elementor-element-e8da9d0\" data-id=\"e8da9d0\" data-element_type=\"column\">\n\t\t\t<div class=\"elementor-widget-wrap elementor-element-populated\">\n\t\t\t\t\t\t\t\t<div class=\"elementor-element elementor-element-4cb0fba elementor-widget elementor-widget-heading\" data-id=\"4cb0fba\" data-element_type=\"widget\" data-widget_type=\"heading.default\">\n\t\t\t\t<div class=\"elementor-widget-container\">\n\t\t\t<h2 class=\"elementor-heading-title elementor-size-xl\">D\u00e9couvrez mes livres<\/h2>\t\t<\/div>\n\t\t\t\t<\/div>\n\t\t\t\t\t<\/div>\n\t\t<\/div>\n\t\t\t\t\t\t\t<\/div>\n\t\t<\/section>\n\t\t\t\t<section class=\"elementor-section elementor-top-section elementor-element elementor-element-5365c31 elementor-section-boxed elementor-section-height-default elementor-section-height-default\" data-id=\"5365c31\" data-element_type=\"section\">\n\t\t\t\t\t\t<div class=\"elementor-container elementor-column-gap-default\">\n\t\t\t\t\t<div class=\"elementor-column elementor-col-50 elementor-top-column elementor-element elementor-element-9f4ae29\" data-id=\"9f4ae29\" data-element_type=\"column\">\n\t\t\t<div class=\"elementor-widget-wrap elementor-element-populated\">\n\t\t\t\t\t\t\t\t<div class=\"elementor-element elementor-element-d0aaff9 elementor-widget elementor-widget-image\" data-id=\"d0aaff9\" data-element_type=\"widget\" data-widget_type=\"image.default\">\n\t\t\t\t<div class=\"elementor-widget-container\">\n\t\t\t\t\t\t\t\t\t\t\t\t\t\t\t<img loading=\"lazy\" decoding=\"async\" width=\"752\" height=\"978\" src=\"https:\/\/hassanbousbaa.com\/wp-content\/uploads\/2021\/05\/confiance-en-soi-1.png\" class=\"attachment-large size-large wp-image-831\" alt=\"\" srcset=\"https:\/\/hassanbousbaa.com\/wp-content\/uploads\/2021\/05\/confiance-en-soi-1.png 752w, https:\/\/hassanbousbaa.com\/wp-content\/uploads\/2021\/05\/confiance-en-soi-1-231x300.png 231w\" sizes=\"auto, (max-width: 752px) 100vw, 752px\" \/>\t\t\t\t\t\t\t\t\t\t\t\t\t\t\t<\/div>\n\t\t\t\t<\/div>\n\t\t\t\t\t<\/div>\n\t\t<\/div>\n\t\t\t\t<div class=\"elementor-column elementor-col-50 elementor-top-column elementor-element elementor-element-c0cdbfb\" data-id=\"c0cdbfb\" data-element_type=\"column\">\n\t\t\t<div class=\"elementor-widget-wrap elementor-element-populated\">\n\t\t\t\t\t\t\t\t<div class=\"elementor-element elementor-element-5e91cd5 elementor-widget elementor-widget-heading\" data-id=\"5e91cd5\" data-element_type=\"widget\" data-widget_type=\"heading.default\">\n\t\t\t\t<div class=\"elementor-widget-container\">\n\t\t\t<h2 class=\"elementor-heading-title elementor-size-medium\">1 - \u00ab La confiance en soi : La cl\u00e9 de toute r\u00e9ussite \u00bb<\/h2>\t\t<\/div>\n\t\t\t\t<\/div>\n\t\t\t\t<div class=\"elementor-element elementor-element-6f014b1 elementor-widget elementor-widget-text-editor\" data-id=\"6f014b1\" data-element_type=\"widget\" data-widget_type=\"text-editor.default\">\n\t\t\t\t<div class=\"elementor-widget-container\">\n\t\t\t\t\t\t\t<p>Le manque de confiance en soi peut constituer un s\u00e9rieux handicap dans la vie. Il peut \u00eatre la source d\u2019un grand nombre de difficult\u00e9s ou m\u00eame d\u2019\u00e9checs. Il est assez r\u00e9pandu et touche toutes les g\u00e9n\u00e9rations et toutes les classes sociales. L\u2019auteur sait de quoi il parle. C\u2019est un ex-grand timide.<\/p><p>Avoir confiance en soi augmente les chances de r\u00e9ussir dans tous les domaines de la vie. Pour Ralph Waldo Emerson, c\u2019est <strong>le premier secret du succ\u00e8s<\/strong>. C\u2019est aussi un ingr\u00e9dient indispensable et l\u2019outil num\u00e9ro un de l\u2019\u00e9panouissement personnel.<\/p><p>Apr\u00e8s avoir clarifi\u00e9 ce qu\u2019est la confiance en soi &#8211; par rapport aux concepts d\u2019amour de soi et d\u2019estime de soi \u2013 et <strong>pourquoi<\/strong> elle est n\u00e9cessaire et utile, l\u2019auteur s\u2019att\u00e8le au <strong>comment<\/strong>, dans une d\u00e9marche en quatre \u00e9tapes qu\u2019il utilise en coaching.<\/p><p>Avec ce petit fascicule, concis et facile \u00e0 lire, l\u2019auteur fait le tour de la question en peu de pages, et va \u00e0 l\u2019essentiel aussi bien sur le plan conceptuel qu\u2019op\u00e9rationnel.<\/p><h5><i>Date \u00e0 venir.<\/i><\/h5>\t\t\t\t\t\t<\/div>\n\t\t\t\t<\/div>\n\t\t\t\t\t<\/div>\n\t\t<\/div>\n\t\t\t\t\t\t\t<\/div>\n\t\t<\/section>\n\t\t\t\t<section class=\"elementor-section elementor-top-section elementor-element elementor-element-906cfbf elementor-section-boxed elementor-section-height-default elementor-section-height-default\" data-id=\"906cfbf\" data-element_type=\"section\">\n\t\t\t\t\t\t<div class=\"elementor-container elementor-column-gap-default\">\n\t\t\t\t\t<div class=\"elementor-column elementor-col-50 elementor-top-column elementor-element elementor-element-caef985\" data-id=\"caef985\" data-element_type=\"column\">\n\t\t\t<div class=\"elementor-widget-wrap elementor-element-populated\">\n\t\t\t\t\t\t\t\t<div class=\"elementor-element elementor-element-9987978 elementor-widget elementor-widget-image\" data-id=\"9987978\" data-element_type=\"widget\" data-widget_type=\"image.default\">\n\t\t\t\t<div class=\"elementor-widget-container\">\n\t\t\t\t\t\t\t\t\t\t\t\t\t\t\t<img loading=\"lazy\" decoding=\"async\" width=\"578\" height=\"872\" src=\"https:\/\/hassanbousbaa.com\/wp-content\/uploads\/2022\/02\/La-mentalite-du-succes-06022022.jpg\" class=\"attachment-large size-large wp-image-1316\" alt=\"\" srcset=\"https:\/\/hassanbousbaa.com\/wp-content\/uploads\/2022\/02\/La-mentalite-du-succes-06022022.jpg 578w, https:\/\/hassanbousbaa.com\/wp-content\/uploads\/2022\/02\/La-mentalite-du-succes-06022022-199x300.jpg 199w\" sizes=\"auto, (max-width: 578px) 100vw, 578px\" \/>\t\t\t\t\t\t\t\t\t\t\t\t\t\t\t<\/div>\n\t\t\t\t<\/div>\n\t\t\t\t\t<\/div>\n\t\t<\/div>\n\t\t\t\t<div class=\"elementor-column elementor-col-50 elementor-top-column elementor-element elementor-element-e680e8e\" data-id=\"e680e8e\" data-element_type=\"column\">\n\t\t\t<div class=\"elementor-widget-wrap elementor-element-populated\">\n\t\t\t\t\t\t\t\t<div class=\"elementor-element elementor-element-4103642 elementor-widget elementor-widget-heading\" data-id=\"4103642\" data-element_type=\"widget\" data-widget_type=\"heading.default\">\n\t\t\t\t<div class=\"elementor-widget-container\">\n\t\t\t<h2 class=\"elementor-heading-title elementor-size-medium\">2 - \u00ab Le mental du succ\u00e8s : L'\u00e9tat d'esprit gagnant pour r\u00e9ussir durablement \u00bb<\/h2>\t\t<\/div>\n\t\t\t\t<\/div>\n\t\t\t\t<div class=\"elementor-element elementor-element-de34486 elementor-widget elementor-widget-text-editor\" data-id=\"de34486\" data-element_type=\"widget\" data-widget_type=\"text-editor.default\">\n\t\t\t\t<div class=\"elementor-widget-container\">\n\t\t\t\t\t\t\t<p>Au terme anglais de\u00a0\u00ab\u00a0mindset\u00a0\u00bb, tr\u00e8s en vogue dans la sph\u00e8re de l\u2019entreprenariat et du d\u00e9veloppement personnel correspond en fran\u00e7ais \u00e9tat d\u2019esprit ou mentalit\u00e9. <strong>L\u2019\u00e9tat d\u2019esprit d\u00e9signe l\u2019ensemble des croyances, pens\u00e9es, habitudes, \u00e9motions, influences\u2026 qui caract\u00e9rise et d\u00e9termine le comportement d\u2019une personne<\/strong>. Et ce, soit sur un plan g\u00e9n\u00e9ral, exemple\u00a0: <strong>mentalit\u00e9 de champion ou de gagnant<\/strong>\u00a0; soit dans une acception sp\u00e9cifique et restreinte, exemple\u00a0: <strong>mentalit\u00e9 d\u2019investisseur, de rentier ou de sp\u00e9culateur.<\/strong><\/p><p>Conscient ou inconscient, explicite ou implicite, l\u2019\u00e9tat d\u2019esprit est d\u2019une importance cruciale. Il finit par d\u00e9finir ce que nous sommes et comment nous percevons et comprenons le monde. Il peut \u00eatre un atout, un alli\u00e9 et un levier facilitant notre r\u00e9ussite ou un frein limitant, paralysant et emp\u00eachant notre progression.<\/p><p>Il existe donc plusieurs types de mentalit\u00e9 qui peuvent nous aider \u00e0 donner ce que nous avons de mieux ou au contraire brider nos \u00e9lans et capacit\u00e9s. Apr\u00e8s une petite liste comparative d\u2019exemples de sch\u00e9mas mentaux, l\u2019auteur s\u2019attarde sur l\u2019opposition \u00e9tat d\u2019esprit fig\u00e9 \u2013 \u00e9tat d\u2019esprit \u00e9volutif ou de croissance, qui constitue le c\u0153ur de l\u2019ouvrage. Il d\u00e9montre avec passion et conviction la sup\u00e9riorit\u00e9 et l\u2019efficience indiscutables du second sur le premier. Avec l\u2019\u00e9tat d\u2019esprit \u00e9volutif, on aspire constamment \u00e0 apprendre et \u00e0 s\u2019am\u00e9liorer. On devient plus inspir\u00e9, plus ouvert, plus cr\u00e9atif et plus \u00e9panoui. La pratique, les \u00e9preuves et l\u2019exp\u00e9rience forgent et renforcent le moral. Et en cas de besoin, on peut changer d\u2019\u00e9tat d\u2019esprit et en adopter un meilleur. Flexibilit\u00e9 et \u00e9volution obligent. C\u2019est un moyen puissant\u00a0pour d\u00e9velopper un mental de gagnant et\u00a0booster durablement sa r\u00e9ussite.<\/p><p>En appliquant les pr\u00e9cieux enseignements de ce livre, commencez, vous aussi d\u00e8s maintenant, une bonne vie victorieuse, positive, fluide et \u00e0 la hauteur de votre extraordinaire potentiel.<\/p><h5>Juin 2020, 83 pages.<\/h5><div>\u00a0<\/div><div>Vous pouvez commander l&rsquo;ouvrage <a href=\"https:\/\/amzn.to\/3qeSSmA\">ici<\/a>.<\/div>\t\t\t\t\t\t<\/div>\n\t\t\t\t<\/div>\n\t\t\t\t\t<\/div>\n\t\t<\/div>\n\t\t\t\t\t\t\t<\/div>\n\t\t<\/section>\n\t\t\t\t<section class=\"elementor-section elementor-top-section elementor-element elementor-element-8d82de6 elementor-section-boxed elementor-section-height-default elementor-section-height-default\" data-id=\"8d82de6\" data-element_type=\"section\">\n\t\t\t\t\t\t<div class=\"elementor-container elementor-column-gap-default\">\n\t\t\t\t\t<div class=\"elementor-column elementor-col-50 elementor-top-column elementor-element elementor-element-ddb5fb1\" data-id=\"ddb5fb1\" data-element_type=\"column\">\n\t\t\t<div class=\"elementor-widget-wrap elementor-element-populated\">\n\t\t\t\t\t\t\t\t<div class=\"elementor-element elementor-element-8235792 elementor-widget elementor-widget-image\" data-id=\"8235792\" data-element_type=\"widget\" data-widget_type=\"image.default\">\n\t\t\t\t<div class=\"elementor-widget-container\">\n\t\t\t\t\t\t\t\t\t\t\t\t\t\t\t<img loading=\"lazy\" decoding=\"async\" width=\"566\" height=\"858\" src=\"https:\/\/hassanbousbaa.com\/wp-content\/uploads\/2022\/02\/Optimisez-votre-productivite-06022022.jpg\" class=\"attachment-large size-large wp-image-1317\" alt=\"\" srcset=\"https:\/\/hassanbousbaa.com\/wp-content\/uploads\/2022\/02\/Optimisez-votre-productivite-06022022.jpg 566w, https:\/\/hassanbousbaa.com\/wp-content\/uploads\/2022\/02\/Optimisez-votre-productivite-06022022-198x300.jpg 198w\" sizes=\"auto, (max-width: 566px) 100vw, 566px\" \/>\t\t\t\t\t\t\t\t\t\t\t\t\t\t\t<\/div>\n\t\t\t\t<\/div>\n\t\t\t\t\t<\/div>\n\t\t<\/div>\n\t\t\t\t<div class=\"elementor-column elementor-col-50 elementor-top-column elementor-element elementor-element-2170579\" data-id=\"2170579\" data-element_type=\"column\">\n\t\t\t<div class=\"elementor-widget-wrap elementor-element-populated\">\n\t\t\t\t\t\t\t\t<div class=\"elementor-element elementor-element-f94333a elementor-widget elementor-widget-heading\" data-id=\"f94333a\" data-element_type=\"widget\" data-widget_type=\"heading.default\">\n\t\t\t\t<div class=\"elementor-widget-container\">\n\t\t\t<h2 class=\"elementor-heading-title elementor-size-medium\">3 - \u00ab Optimisez votre productivit\u00e9 : Huit leviers pour booster le moteur de votre r\u00e9ussite \u00bb<\/h2>\t\t<\/div>\n\t\t\t\t<\/div>\n\t\t\t\t<div class=\"elementor-element elementor-element-a7bc877 elementor-widget elementor-widget-text-editor\" data-id=\"a7bc877\" data-element_type=\"widget\" data-widget_type=\"text-editor.default\">\n\t\t\t\t<div class=\"elementor-widget-container\">\n\t\t\t\t\t\t\t<p>Avec ce livre pratique consacr\u00e9 \u00e0 <strong>l&rsquo;efficacit\u00e9 op\u00e9rationnelle<\/strong>, l&rsquo;auteur compl\u00e8te sa trilogie de la <strong>r\u00e9ussite personnelle.<\/strong> \u00a0\u00bb <em>La confiance en soi <\/em>\u00a0\u00bb et <em>\u00ab\u00a0Le mental du succ\u00e8s\u00a0\u00bb<\/em>, facteurs clefs, ne suffisent pourtant pas. Encore faut-il agir et produire ! Et de la meilleure mani\u00e8re\u00a0!<\/p><p>Nous vivons une \u00e9poque particuli\u00e8re caract\u00e9ris\u00e9e par la vitesse, le culte du d\u00e9sir et la surconsommation. Tout et tout de suite. Comment faire plus et mieux en moins de temps ?<br \/>L\u2019auteur, pour avoir lu plusieurs ouvrages \u2013 et des meilleurs &#8211; sur la gestion du temps, et par son exp\u00e9rience personnelle, <strong>d\u00e9mystifie la gestion du temps qui porte mal son nom. Le temps est hors de notre port\u00e9e. Nous ne pouvons g\u00e9rer que nous-m\u00eames, notre \u00e9nergie, nos \u00e9motions, notre mental, nos habitudes et nos actions.<\/strong> Il d\u00e9voile les secrets, selon lui, d\u2019une <strong>productivit\u00e9 optimale<\/strong> et les leviers pour aller m\u00eame au-del\u00e0 !<br \/><strong>Autant de strat\u00e9gies, d\u2019astuces et de conseils pour booster votre productivit\u00e9, le moteur de votre r\u00e9ussite.<\/strong><\/p><p>\u00a0<\/p><h5>Avril 2020, 98 pages.<\/h5><p><span style=\"font-weight: normal;\">Vous pouvez commander l&rsquo;ouvrage <a href=\"https:\/\/amzn.to\/3Ld51kP\">ici<\/a>.<\/span><\/p>\t\t\t\t\t\t<\/div>\n\t\t\t\t<\/div>\n\t\t\t\t\t<\/div>\n\t\t<\/div>\n\t\t\t\t\t\t\t<\/div>\n\t\t<\/section>\n\t\t\t\t\t\t\t<\/div>\n\t\t","protected":false},"excerpt":{"rendered":"<p>D\u00e9couvrez mes livres 1 &#8211; \u00ab La confiance en soi : La cl\u00e9 de toute r\u00e9ussite \u00bb Le manque de confiance en soi peut constituer un s\u00e9rieux handicap dans la vie. Il peut \u00eatre la source d\u2019un grand nombre de difficult\u00e9s ou m\u00eame d\u2019\u00e9checs. Il est assez r\u00e9pandu et touche toutes les g\u00e9n\u00e9rations et toutes&hellip;&nbsp;<a href=\"https:\/\/hassanbousbaa.com\/index.php\/decouvrir-mes-ebooks\/\" class=\"\" rel=\"bookmark\">Lire la suite &raquo;<span class=\"screen-reader-text\">D\u00e9couvrir mes ebooks<\/span><\/a><\/p>\n","protected":false},"author":1,"featured_media":0,"parent":0,"menu_order":0,"comment_status":"closed","ping_status":"closed","template":"page-templates\/template-pagebuilder-full-width.php","meta":{"neve_meta_sidebar":"","neve_meta_container":"","neve_meta_enable_content_width":"","neve_meta_content_width":0,"neve_meta_title_alignment":"","neve_meta_author_avatar":"","neve_post_elements_order":"","neve_meta_disable_header":"","neve_meta_disable_footer":"","neve_meta_disable_title":"","footnotes":""},"class_list":["post-133","page","type-page","status-publish","hentry"],"yoast_head":"<!-- This site is optimized with the Yoast SEO plugin v24.9 - https:\/\/yoast.com\/wordpress\/plugins\/seo\/ -->\n<title>D\u00e9couvrir mes ebooks - Hassan Bousbaa<\/title>\n<meta name=\"robots\" content=\"index, follow, max-snippet:-1, max-image-preview:large, max-video-preview:-1\" \/>\n<link rel=\"canonical\" href=\"https:\/\/hassanbousbaa.com\/index.php\/decouvrir-mes-ebooks\/\" \/>\n<meta property=\"og:locale\" content=\"fr_FR\" \/>\n<meta property=\"og:type\" content=\"article\" \/>\n<meta property=\"og:title\" content=\"D\u00e9couvrir mes ebooks - Hassan Bousbaa\" \/>\n<meta property=\"og:description\" content=\"D\u00e9couvrez mes livres 1 &#8211; \u00ab La confiance en soi : La cl\u00e9 de toute r\u00e9ussite \u00bb Le manque de confiance en soi peut constituer un s\u00e9rieux handicap dans la vie. Il peut \u00eatre la source d\u2019un grand nombre de difficult\u00e9s ou m\u00eame d\u2019\u00e9checs. Il est assez r\u00e9pandu et touche toutes les g\u00e9n\u00e9rations et toutes&hellip;&nbsp;Lire la suite &raquo;D\u00e9couvrir mes ebooks\" \/>\n<meta property=\"og:url\" content=\"https:\/\/hassanbousbaa.com\/index.php\/decouvrir-mes-ebooks\/\" \/>\n<meta property=\"og:site_name\" content=\"Hassan Bousbaa\" \/>\n<meta property=\"article:modified_time\" content=\"2022-02-20T10:00:02+00:00\" \/>\n<meta property=\"og:image\" content=\"https:\/\/hassanbousbaa.com\/wp-content\/uploads\/2021\/05\/confiance-en-soi-1.png\" \/>\n<meta name=\"twitter:card\" content=\"summary_large_image\" \/>\n<meta name=\"twitter:label1\" content=\"Dur\u00e9e de lecture estim\u00e9e\" \/>\n\t<meta name=\"twitter:data1\" content=\"4 minutes\" \/>\n<script type=\"application\/ld+json\" class=\"yoast-schema-graph\">{\"@context\":\"https:\/\/schema.org\",\"@graph\":[{\"@type\":\"WebPage\",\"@id\":\"https:\/\/hassanbousbaa.com\/index.php\/decouvrir-mes-ebooks\/\",\"url\":\"https:\/\/hassanbousbaa.com\/index.php\/decouvrir-mes-ebooks\/\",\"name\":\"D\u00e9couvrir mes ebooks - Hassan Bousbaa\",\"isPartOf\":{\"@id\":\"https:\/\/hassanbousbaa.com\/#website\"},\"primaryImageOfPage\":{\"@id\":\"https:\/\/hassanbousbaa.com\/index.php\/decouvrir-mes-ebooks\/#primaryimage\"},\"image\":{\"@id\":\"https:\/\/hassanbousbaa.com\/index.php\/decouvrir-mes-ebooks\/#primaryimage\"},\"thumbnailUrl\":\"https:\/\/hassanbousbaa.com\/wp-content\/uploads\/2021\/05\/confiance-en-soi-1.png\",\"datePublished\":\"2020-11-08T13:13:05+00:00\",\"dateModified\":\"2022-02-20T10:00:02+00:00\",\"breadcrumb\":{\"@id\":\"https:\/\/hassanbousbaa.com\/index.php\/decouvrir-mes-ebooks\/#breadcrumb\"},\"inLanguage\":\"fr-FR\",\"potentialAction\":[{\"@type\":\"ReadAction\",\"target\":[\"https:\/\/hassanbousbaa.com\/index.php\/decouvrir-mes-ebooks\/\"]}]},{\"@type\":\"ImageObject\",\"inLanguage\":\"fr-FR\",\"@id\":\"https:\/\/hassanbousbaa.com\/index.php\/decouvrir-mes-ebooks\/#primaryimage\",\"url\":\"https:\/\/hassanbousbaa.com\/wp-content\/uploads\/2021\/05\/confiance-en-soi-1.png\",\"contentUrl\":\"https:\/\/hassanbousbaa.com\/wp-content\/uploads\/2021\/05\/confiance-en-soi-1.png\",\"width\":752,\"height\":978},{\"@type\":\"BreadcrumbList\",\"@id\":\"https:\/\/hassanbousbaa.com\/index.php\/decouvrir-mes-ebooks\/#breadcrumb\",\"itemListElement\":[{\"@type\":\"ListItem\",\"position\":1,\"name\":\"Accueil\",\"item\":\"https:\/\/hassanbousbaa.com\/\"},{\"@type\":\"ListItem\",\"position\":2,\"name\":\"D\u00e9couvrir mes ebooks\"}]},{\"@type\":\"WebSite\",\"@id\":\"https:\/\/hassanbousbaa.com\/#website\",\"url\":\"https:\/\/hassanbousbaa.com\/\",\"name\":\"Hassan Bousbaa\",\"description\":\"Hassan Bousbaa\",\"potentialAction\":[{\"@type\":\"SearchAction\",\"target\":{\"@type\":\"EntryPoint\",\"urlTemplate\":\"https:\/\/hassanbousbaa.com\/?s={search_term_string}\"},\"query-input\":{\"@type\":\"PropertyValueSpecification\",\"valueRequired\":true,\"valueName\":\"search_term_string\"}}],\"inLanguage\":\"fr-FR\"}]}<\/script>\n<!-- \/ Yoast SEO plugin. -->","yoast_head_json":{"title":"D\u00e9couvrir mes ebooks - Hassan Bousbaa","robots":{"index":"index","follow":"follow","max-snippet":"max-snippet:-1","max-image-preview":"max-image-preview:large","max-video-preview":"max-video-preview:-1"},"canonical":"https:\/\/hassanbousbaa.com\/index.php\/decouvrir-mes-ebooks\/","og_locale":"fr_FR","og_type":"article","og_title":"D\u00e9couvrir mes ebooks - Hassan Bousbaa","og_description":"D\u00e9couvrez mes livres 1 &#8211; \u00ab La confiance en soi : La cl\u00e9 de toute r\u00e9ussite \u00bb Le manque de confiance en soi peut constituer un s\u00e9rieux handicap dans la vie. Il peut \u00eatre la source d\u2019un grand nombre de difficult\u00e9s ou m\u00eame d\u2019\u00e9checs. Il est assez r\u00e9pandu et touche toutes les g\u00e9n\u00e9rations et toutes&hellip;&nbsp;Lire la suite &raquo;D\u00e9couvrir mes ebooks","og_url":"https:\/\/hassanbousbaa.com\/index.php\/decouvrir-mes-ebooks\/","og_site_name":"Hassan Bousbaa","article_modified_time":"2022-02-20T10:00:02+00:00","og_image":[{"url":"https:\/\/hassanbousbaa.com\/wp-content\/uploads\/2021\/05\/confiance-en-soi-1.png","type":"","width":"","height":""}],"twitter_card":"summary_large_image","twitter_misc":{"Dur\u00e9e de lecture estim\u00e9e":"4 minutes"},"schema":{"@context":"https:\/\/schema.org","@graph":[{"@type":"WebPage","@id":"https:\/\/hassanbousbaa.com\/index.php\/decouvrir-mes-ebooks\/","url":"https:\/\/hassanbousbaa.com\/index.php\/decouvrir-mes-ebooks\/","name":"D\u00e9couvrir mes ebooks - Hassan Bousbaa","isPartOf":{"@id":"https:\/\/hassanbousbaa.com\/#website"},"primaryImageOfPage":{"@id":"https:\/\/hassanbousbaa.com\/index.php\/decouvrir-mes-ebooks\/#primaryimage"},"image":{"@id":"https:\/\/hassanbousbaa.com\/index.php\/decouvrir-mes-ebooks\/#primaryimage"},"thumbnailUrl":"https:\/\/hassanbousbaa.com\/wp-content\/uploads\/2021\/05\/confiance-en-soi-1.png","datePublished":"2020-11-08T13:13:05+00:00","dateModified":"2022-02-20T10:00:02+00:00","breadcrumb":{"@id":"https:\/\/hassanbousbaa.com\/index.php\/decouvrir-mes-ebooks\/#breadcrumb"},"inLanguage":"fr-FR","potentialAction":[{"@type":"ReadAction","target":["https:\/\/hassanbousbaa.com\/index.php\/decouvrir-mes-ebooks\/"]}]},{"@type":"ImageObject","inLanguage":"fr-FR","@id":"https:\/\/hassanbousbaa.com\/index.php\/decouvrir-mes-ebooks\/#primaryimage","url":"https:\/\/hassanbousbaa.com\/wp-content\/uploads\/2021\/05\/confiance-en-soi-1.png","contentUrl":"https:\/\/hassanbousbaa.com\/wp-content\/uploads\/2021\/05\/confiance-en-soi-1.png","width":752,"height":978},{"@type":"BreadcrumbList","@id":"https:\/\/hassanbousbaa.com\/index.php\/decouvrir-mes-ebooks\/#breadcrumb","itemListElement":[{"@type":"ListItem","position":1,"name":"Accueil","item":"https:\/\/hassanbousbaa.com\/"},{"@type":"ListItem","position":2,"name":"D\u00e9couvrir mes ebooks"}]},{"@type":"WebSite","@id":"https:\/\/hassanbousbaa.com\/#website","url":"https:\/\/hassanbousbaa.com\/","name":"Hassan Bousbaa","description":"Hassan Bousbaa","potentialAction":[{"@type":"SearchAction","target":{"@type":"EntryPoint","urlTemplate":"https:\/\/hassanbousbaa.com\/?s={search_term_string}"},"query-input":{"@type":"PropertyValueSpecification","valueRequired":true,"valueName":"search_term_string"}}],"inLanguage":"fr-FR"}]}},"jetpack_sharing_enabled":true,"_links":{"self":[{"href":"https:\/\/hassanbousbaa.com\/index.php\/wp-json\/wp\/v2\/pages\/133","targetHints":{"allow":["GET"]}}],"collection":[{"href":"https:\/\/hassanbousbaa.com\/index.php\/wp-json\/wp\/v2\/pages"}],"about":[{"href":"https:\/\/hassanbousbaa.com\/index.php\/wp-json\/wp\/v2\/types\/page"}],"author":[{"embeddable":true,"href":"https:\/\/hassanbousbaa.com\/index.php\/wp-json\/wp\/v2\/users\/1"}],"replies":[{"embeddable":true,"href":"https:\/\/hassanbousbaa.com\/index.php\/wp-json\/wp\/v2\/comments?post=133"}],"version-history":[{"count":67,"href":"https:\/\/hassanbousbaa.com\/index.php\/wp-json\/wp\/v2\/pages\/133\/revisions"}],"predecessor-version":[{"id":1335,"href":"https:\/\/hassanbousbaa.com\/index.php\/wp-json\/wp\/v2\/pages\/133\/revisions\/1335"}],"wp:attachment":[{"href":"https:\/\/hassanbousbaa.com\/index.php\/wp-json\/wp\/v2\/media?parent=133"}],"curies":[{"name":"wp","href":"https:\/\/api.w.org\/{rel}","templated":true}]}}