{"id":1287,"date":"2021-09-20T20:01:40","date_gmt":"2021-09-20T18:01:40","guid":{"rendered":"https:\/\/hassanbousbaa.com\/?page_id=1287"},"modified":"2021-09-20T20:09:11","modified_gmt":"2021-09-20T18:09:11","slug":"genese-et-idees-fondatrices","status":"publish","type":"page","link":"https:\/\/hassanbousbaa.com\/index.php\/genese-et-idees-fondatrices\/","title":{"rendered":"Gen\u00e8se et id\u00e9es fondatrices"},"content":{"rendered":"\t\t<div data-elementor-type=\"wp-page\" data-elementor-id=\"1287\" class=\"elementor elementor-1287\">\n\t\t\t\t\t\t\t\t\t<section class=\"elementor-section elementor-top-section elementor-element elementor-element-313b4b9 elementor-section-boxed elementor-section-height-default elementor-section-height-default\" data-id=\"313b4b9\" data-element_type=\"section\">\n\t\t\t\t\t\t<div class=\"elementor-container elementor-column-gap-default\">\n\t\t\t\t\t<div class=\"elementor-column elementor-col-100 elementor-top-column elementor-element elementor-element-3a7499c\" data-id=\"3a7499c\" data-element_type=\"column\">\n\t\t\t<div class=\"elementor-widget-wrap elementor-element-populated\">\n\t\t\t\t\t\t\t\t<div class=\"elementor-element elementor-element-f96fa77 elementor-widget elementor-widget-heading\" data-id=\"f96fa77\" data-element_type=\"widget\" data-widget_type=\"heading.default\">\n\t\t\t\t<div class=\"elementor-widget-container\">\n\t\t\t<h3 class=\"elementor-heading-title elementor-size-default\">\u00ab G\u00e9n\u00e9rations positives \u00bb<\/h3>\t\t<\/div>\n\t\t\t\t<\/div>\n\t\t\t\t\t<\/div>\n\t\t<\/div>\n\t\t\t\t\t\t\t<\/div>\n\t\t<\/section>\n\t\t\t\t<section class=\"elementor-section elementor-top-section elementor-element elementor-element-928d650 elementor-section-boxed elementor-section-height-default elementor-section-height-default\" data-id=\"928d650\" data-element_type=\"section\">\n\t\t\t\t\t\t<div class=\"elementor-container elementor-column-gap-default\">\n\t\t\t\t\t<div class=\"elementor-column elementor-col-100 elementor-top-column elementor-element elementor-element-381057f\" data-id=\"381057f\" data-element_type=\"column\">\n\t\t\t<div class=\"elementor-widget-wrap elementor-element-populated\">\n\t\t\t\t\t\t\t\t<div class=\"elementor-element elementor-element-050735c elementor-widget elementor-widget-heading\" data-id=\"050735c\" data-element_type=\"widget\" data-widget_type=\"heading.default\">\n\t\t\t\t<div class=\"elementor-widget-container\">\n\t\t\t<h4 class=\"elementor-heading-title elementor-size-default\">La Communaut\u00e9 des Positifs !<\/h4>\t\t<\/div>\n\t\t\t\t<\/div>\n\t\t\t\t\t<\/div>\n\t\t<\/div>\n\t\t\t\t\t\t\t<\/div>\n\t\t<\/section>\n\t\t\t\t<section class=\"elementor-section elementor-top-section elementor-element elementor-element-2dfa4bb elementor-section-boxed elementor-section-height-default elementor-section-height-default\" data-id=\"2dfa4bb\" data-element_type=\"section\">\n\t\t\t\t\t\t<div class=\"elementor-container elementor-column-gap-default\">\n\t\t\t\t\t<div class=\"elementor-column elementor-col-100 elementor-top-column elementor-element elementor-element-dcb63b6\" data-id=\"dcb63b6\" data-element_type=\"column\">\n\t\t\t<div class=\"elementor-widget-wrap elementor-element-populated\">\n\t\t\t\t\t\t\t\t<div class=\"elementor-element elementor-element-c4c13ae elementor-widget elementor-widget-heading\" data-id=\"c4c13ae\" data-element_type=\"widget\" data-widget_type=\"heading.default\">\n\t\t\t\t<div class=\"elementor-widget-container\">\n\t\t\t<h2 class=\"elementor-heading-title elementor-size-xl\">Gen\u00e8se et id\u00e9es fondatrices<\/h2>\t\t<\/div>\n\t\t\t\t<\/div>\n\t\t\t\t\t<\/div>\n\t\t<\/div>\n\t\t\t\t\t\t\t<\/div>\n\t\t<\/section>\n\t\t\t\t<section class=\"elementor-section elementor-top-section elementor-element elementor-element-957c001 elementor-section-boxed elementor-section-height-default elementor-section-height-default\" data-id=\"957c001\" data-element_type=\"section\">\n\t\t\t\t\t\t<div class=\"elementor-container elementor-column-gap-default\">\n\t\t\t\t\t<div class=\"elementor-column elementor-col-100 elementor-top-column elementor-element elementor-element-0e76f2f\" data-id=\"0e76f2f\" data-element_type=\"column\">\n\t\t\t<div class=\"elementor-widget-wrap elementor-element-populated\">\n\t\t\t\t\t\t\t\t<div class=\"elementor-element elementor-element-34acf4e elementor-widget elementor-widget-text-editor\" data-id=\"34acf4e\" data-element_type=\"widget\" data-widget_type=\"text-editor.default\">\n\t\t\t\t<div class=\"elementor-widget-container\">\n\t\t\t\t\t\t\t<p>L\u2019id\u00e9e de ce Mouvement est n\u00e9e d\u2019un constat factuel et de convictions personnelles profondes.<\/p><p><strong>Le constat, c\u2019est la pr\u00e9pond\u00e9rance grandissante de la n\u00e9gativit\u00e9 dans notre monde et nos vies<\/strong>, et son impact d\u00e9vastateur sur les personnes (sant\u00e9, stress, mal vie\u2026), l\u2019\u00e9conomie (aggravation des in\u00e9galit\u00e9s et de la pauvret\u00e9), la soci\u00e9t\u00e9 (les d\u00e9rives des pouvoir, multiplication des conflits) et l\u2019environnement (d\u00e9r\u00e8glements, extinctions d\u2019esp\u00e8ces, pand\u00e9mies\u2026).<\/p>\t\t\t\t\t\t<\/div>\n\t\t\t\t<\/div>\n\t\t\t\t\t<\/div>\n\t\t<\/div>\n\t\t\t\t\t\t\t<\/div>\n\t\t<\/section>\n\t\t\t\t<section class=\"elementor-section elementor-top-section elementor-element elementor-element-6f29485 elementor-section-boxed elementor-section-height-default elementor-section-height-default\" data-id=\"6f29485\" data-element_type=\"section\">\n\t\t\t\t\t\t<div class=\"elementor-container elementor-column-gap-default\">\n\t\t\t\t\t<div class=\"elementor-column elementor-col-100 elementor-top-column elementor-element elementor-element-47cf8ff\" data-id=\"47cf8ff\" data-element_type=\"column\">\n\t\t\t<div class=\"elementor-widget-wrap elementor-element-populated\">\n\t\t\t\t\t\t\t\t<div class=\"elementor-element elementor-element-010f2ef elementor-widget elementor-widget-text-editor\" data-id=\"010f2ef\" data-element_type=\"widget\" data-widget_type=\"text-editor.default\">\n\t\t\t\t<div class=\"elementor-widget-container\">\n\t\t\t\t\t\t\t<p><strong>Mes convictions personnelles<\/strong>\u00a0sont\u00a0les suivantes :<\/p><ul><li><strong>L\u2019individu est le pivot de tout changement<\/strong> Le changement ne se d\u00e9cr\u00e8te pas d\u2019en haut. Il se construit \u00e0 partir de la base\u00a0: B\u00e2tir les hommes d\u2019abord pour b\u00e2tir des soci\u00e9t\u00e9s viables\u00a0;<\/li><li>Pour am\u00e9liorer le monde, le meilleur moyen est de <strong>commencer par soi-m\u00eame<\/strong>: Incarner le changement voulu et <strong>donner l\u2019exemple<\/strong>\u00a0;<\/li><li><strong>L\u2019\u00e9ducation<\/strong> <strong>et le civisme<\/strong> sont les meilleures armes pour nous am\u00e9liorer et am\u00e9liorer notre monde\u00a0;<\/li><li><strong>La r\u00e9ussite solidaire<\/strong> a meilleur go\u00fbt que l\u2019exploit solitaire, la coop\u00e9ration est plus b\u00e9n\u00e9fique que la comp\u00e9tition \u00e0 outrance et ses effets destructeurs\u00a0;<\/li><li><strong>La positivit\u00e9 est contagieuse<\/strong>, tout comme la n\u00e9gativit\u00e9.<\/li><li><strong>La positivit\u00e9 est b\u00e9n\u00e9fique pour tous en <\/strong>mati\u00e8re de d\u00e9veloppement humain. <strong>Tout le monde y gagne\u00a0<\/strong>: l\u2019individu, la famille, la soci\u00e9t\u00e9, l\u2019humanit\u00e9, l\u2019environnement\u2026.<\/li><li><strong>En mati\u00e8re de changement social durable, l\u2019appropriation d\u2019une culture et d\u2019un \u00e9tat d\u2019esprit appropri\u00e9s surclasse toute strat\u00e9gie et tout programme ponctuel et\/ou partiel.<\/strong><\/li><li><strong>En \u00e9tant honn\u00eates, \u00e9quitables et solidaires, nous pouvons \u00eatre aussi productifs et prosp\u00e8res, sinon plus.<\/strong><\/li><\/ul>\t\t\t\t\t\t<\/div>\n\t\t\t\t<\/div>\n\t\t\t\t\t<\/div>\n\t\t<\/div>\n\t\t\t\t\t\t\t<\/div>\n\t\t<\/section>\n\t\t\t\t<section class=\"elementor-section elementor-top-section elementor-element elementor-element-c6846d7 elementor-section-boxed elementor-section-height-default elementor-section-height-default\" data-id=\"c6846d7\" data-element_type=\"section\">\n\t\t\t\t\t\t<div class=\"elementor-container elementor-column-gap-default\">\n\t\t\t\t\t<div class=\"elementor-column elementor-col-100 elementor-top-column elementor-element elementor-element-821fc4d\" data-id=\"821fc4d\" data-element_type=\"column\">\n\t\t\t<div class=\"elementor-widget-wrap elementor-element-populated\">\n\t\t\t\t\t\t\t\t<div class=\"elementor-element elementor-element-57f3e6f elementor-widget elementor-widget-text-editor\" data-id=\"57f3e6f\" data-element_type=\"widget\" data-widget_type=\"text-editor.default\">\n\t\t\t\t<div class=\"elementor-widget-container\">\n\t\t\t\t\t\t\t<p><strong>Clarification de mes intentions intimes :<br \/><\/strong>En initiant ce mouvement, je cherche s\u00fbrement \u00e0 :<\/p><ul><li><strong>Assume<\/strong>r aupr\u00e8s de mon entourage, un aspect inn\u00e9 de ma personnalit\u00e9 (la bont\u00e9, la gentillesse, le besoin de pardonner) et que d\u2019aucuns interpr\u00e8tent comme une faiblesse de caract\u00e8re\u00a0;<\/li><li>Mieux comprendre, <strong>expliciter formellement<\/strong> et expliquer une des trois constantes essentielles de ma vie, avec <strong>la sinc\u00e9rit\u00e9 et la bienveillance, <\/strong>qui ressortent de mes nombreuses s\u00e9ances d\u2019introspection\u00a0;<\/li><li><strong>Valoriser<\/strong> \u00e0 sa juste valeur cet acquis inn\u00e9 et en profiter pour renforcer <strong>mon estime<\/strong> personnelle\u00a0;<\/li><li><strong>Faire \u0153uvre utile<\/strong>, partager et \u00ab\u00a0VENDRE\u00a0\u00bb ce trait de caract\u00e8re inn\u00e9, qui m\u2019a apport\u00e9 confiance, endurance, coh\u00e9rence,\u00a0r\u00e9ussite et une vie sociale harmonieuse ;<\/li><li>Cr\u00e9er, \u00e9go\u00efstement<strong>, un environnement positif <\/strong>(o\u00f9 je me retrouve personnellement)<strong>, <\/strong>comme bouclier, rempart et forteresse contre la n\u00e9gativit\u00e9 ambiante rampante qui nous assi\u00e8ge de toutes parts, mena\u00e7ant ce qui fait notre \u00ab\u00a0inn\u00e9it\u00e9\u00a0\u00bb\u00a0et notre authenticit\u00e9.<\/li><\/ul>\t\t\t\t\t\t<\/div>\n\t\t\t\t<\/div>\n\t\t\t\t\t<\/div>\n\t\t<\/div>\n\t\t\t\t\t\t\t<\/div>\n\t\t<\/section>\n\t\t\t\t\t\t\t<\/div>\n\t\t","protected":false},"excerpt":{"rendered":"<p>\u00ab G\u00e9n\u00e9rations positives \u00bb La Communaut\u00e9 des Positifs ! Gen\u00e8se et id\u00e9es fondatrices L\u2019id\u00e9e de ce Mouvement est n\u00e9e d\u2019un constat factuel et de convictions personnelles profondes. Le constat, c\u2019est la pr\u00e9pond\u00e9rance grandissante de la n\u00e9gativit\u00e9 dans notre monde et nos vies, et son impact d\u00e9vastateur sur les personnes (sant\u00e9, stress, mal vie\u2026), l\u2019\u00e9conomie (aggravation&hellip;&nbsp;<a href=\"https:\/\/hassanbousbaa.com\/index.php\/genese-et-idees-fondatrices\/\" class=\"\" rel=\"bookmark\">Lire la suite &raquo;<span class=\"screen-reader-text\">Gen\u00e8se et id\u00e9es fondatrices<\/span><\/a><\/p>\n","protected":false},"author":1,"featured_media":0,"parent":0,"menu_order":0,"comment_status":"closed","ping_status":"closed","template":"page-templates\/template-pagebuilder-full-width.php","meta":{"neve_meta_sidebar":"full-width","neve_meta_container":"","neve_meta_enable_content_width":"on","neve_meta_content_width":100,"neve_meta_title_alignment":"","neve_meta_author_avatar":"","neve_post_elements_order":"","neve_meta_disable_header":"","neve_meta_disable_footer":"","neve_meta_disable_title":"","footnotes":""},"class_list":["post-1287","page","type-page","status-publish","hentry"],"yoast_head":"<!-- This site is optimized with the Yoast SEO plugin v24.9 - https:\/\/yoast.com\/wordpress\/plugins\/seo\/ -->\n<title>Gen\u00e8se et id\u00e9es fondatrices - Hassan Bousbaa<\/title>\n<meta name=\"robots\" content=\"index, follow, max-snippet:-1, max-image-preview:large, max-video-preview:-1\" \/>\n<link rel=\"canonical\" href=\"https:\/\/hassanbousbaa.com\/index.php\/genese-et-idees-fondatrices\/\" \/>\n<meta property=\"og:locale\" content=\"fr_FR\" \/>\n<meta property=\"og:type\" content=\"article\" \/>\n<meta property=\"og:title\" content=\"Gen\u00e8se et id\u00e9es fondatrices - Hassan Bousbaa\" \/>\n<meta property=\"og:description\" content=\"\u00ab G\u00e9n\u00e9rations positives \u00bb La Communaut\u00e9 des Positifs ! Gen\u00e8se et id\u00e9es fondatrices L\u2019id\u00e9e de ce Mouvement est n\u00e9e d\u2019un constat factuel et de convictions personnelles profondes. Le constat, c\u2019est la pr\u00e9pond\u00e9rance grandissante de la n\u00e9gativit\u00e9 dans notre monde et nos vies, et son impact d\u00e9vastateur sur les personnes (sant\u00e9, stress, mal vie\u2026), l\u2019\u00e9conomie (aggravation&hellip;&nbsp;Lire la suite &raquo;Gen\u00e8se et id\u00e9es fondatrices\" \/>\n<meta property=\"og:url\" content=\"https:\/\/hassanbousbaa.com\/index.php\/genese-et-idees-fondatrices\/\" \/>\n<meta property=\"og:site_name\" content=\"Hassan Bousbaa\" \/>\n<meta property=\"article:modified_time\" content=\"2021-09-20T18:09:11+00:00\" \/>\n<meta name=\"twitter:card\" content=\"summary_large_image\" \/>\n<meta name=\"twitter:label1\" content=\"Dur\u00e9e de lecture estim\u00e9e\" \/>\n\t<meta name=\"twitter:data1\" content=\"2 minutes\" \/>\n<script type=\"application\/ld+json\" class=\"yoast-schema-graph\">{\"@context\":\"https:\/\/schema.org\",\"@graph\":[{\"@type\":\"WebPage\",\"@id\":\"https:\/\/hassanbousbaa.com\/index.php\/genese-et-idees-fondatrices\/\",\"url\":\"https:\/\/hassanbousbaa.com\/index.php\/genese-et-idees-fondatrices\/\",\"name\":\"Gen\u00e8se et id\u00e9es fondatrices - Hassan Bousbaa\",\"isPartOf\":{\"@id\":\"https:\/\/hassanbousbaa.com\/#website\"},\"datePublished\":\"2021-09-20T18:01:40+00:00\",\"dateModified\":\"2021-09-20T18:09:11+00:00\",\"breadcrumb\":{\"@id\":\"https:\/\/hassanbousbaa.com\/index.php\/genese-et-idees-fondatrices\/#breadcrumb\"},\"inLanguage\":\"fr-FR\",\"potentialAction\":[{\"@type\":\"ReadAction\",\"target\":[\"https:\/\/hassanbousbaa.com\/index.php\/genese-et-idees-fondatrices\/\"]}]},{\"@type\":\"BreadcrumbList\",\"@id\":\"https:\/\/hassanbousbaa.com\/index.php\/genese-et-idees-fondatrices\/#breadcrumb\",\"itemListElement\":[{\"@type\":\"ListItem\",\"position\":1,\"name\":\"Accueil\",\"item\":\"https:\/\/hassanbousbaa.com\/\"},{\"@type\":\"ListItem\",\"position\":2,\"name\":\"Gen\u00e8se et id\u00e9es fondatrices\"}]},{\"@type\":\"WebSite\",\"@id\":\"https:\/\/hassanbousbaa.com\/#website\",\"url\":\"https:\/\/hassanbousbaa.com\/\",\"name\":\"Hassan Bousbaa\",\"description\":\"Hassan Bousbaa\",\"potentialAction\":[{\"@type\":\"SearchAction\",\"target\":{\"@type\":\"EntryPoint\",\"urlTemplate\":\"https:\/\/hassanbousbaa.com\/?s={search_term_string}\"},\"query-input\":{\"@type\":\"PropertyValueSpecification\",\"valueRequired\":true,\"valueName\":\"search_term_string\"}}],\"inLanguage\":\"fr-FR\"}]}<\/script>\n<!-- \/ Yoast SEO plugin. -->","yoast_head_json":{"title":"Gen\u00e8se et id\u00e9es fondatrices - Hassan Bousbaa","robots":{"index":"index","follow":"follow","max-snippet":"max-snippet:-1","max-image-preview":"max-image-preview:large","max-video-preview":"max-video-preview:-1"},"canonical":"https:\/\/hassanbousbaa.com\/index.php\/genese-et-idees-fondatrices\/","og_locale":"fr_FR","og_type":"article","og_title":"Gen\u00e8se et id\u00e9es fondatrices - Hassan Bousbaa","og_description":"\u00ab G\u00e9n\u00e9rations positives \u00bb La Communaut\u00e9 des Positifs ! Gen\u00e8se et id\u00e9es fondatrices L\u2019id\u00e9e de ce Mouvement est n\u00e9e d\u2019un constat factuel et de convictions personnelles profondes. Le constat, c\u2019est la pr\u00e9pond\u00e9rance grandissante de la n\u00e9gativit\u00e9 dans notre monde et nos vies, et son impact d\u00e9vastateur sur les personnes (sant\u00e9, stress, mal vie\u2026), l\u2019\u00e9conomie (aggravation&hellip;&nbsp;Lire la suite &raquo;Gen\u00e8se et id\u00e9es fondatrices","og_url":"https:\/\/hassanbousbaa.com\/index.php\/genese-et-idees-fondatrices\/","og_site_name":"Hassan Bousbaa","article_modified_time":"2021-09-20T18:09:11+00:00","twitter_card":"summary_large_image","twitter_misc":{"Dur\u00e9e de lecture estim\u00e9e":"2 minutes"},"schema":{"@context":"https:\/\/schema.org","@graph":[{"@type":"WebPage","@id":"https:\/\/hassanbousbaa.com\/index.php\/genese-et-idees-fondatrices\/","url":"https:\/\/hassanbousbaa.com\/index.php\/genese-et-idees-fondatrices\/","name":"Gen\u00e8se et id\u00e9es fondatrices - Hassan Bousbaa","isPartOf":{"@id":"https:\/\/hassanbousbaa.com\/#website"},"datePublished":"2021-09-20T18:01:40+00:00","dateModified":"2021-09-20T18:09:11+00:00","breadcrumb":{"@id":"https:\/\/hassanbousbaa.com\/index.php\/genese-et-idees-fondatrices\/#breadcrumb"},"inLanguage":"fr-FR","potentialAction":[{"@type":"ReadAction","target":["https:\/\/hassanbousbaa.com\/index.php\/genese-et-idees-fondatrices\/"]}]},{"@type":"BreadcrumbList","@id":"https:\/\/hassanbousbaa.com\/index.php\/genese-et-idees-fondatrices\/#breadcrumb","itemListElement":[{"@type":"ListItem","position":1,"name":"Accueil","item":"https:\/\/hassanbousbaa.com\/"},{"@type":"ListItem","position":2,"name":"Gen\u00e8se et id\u00e9es fondatrices"}]},{"@type":"WebSite","@id":"https:\/\/hassanbousbaa.com\/#website","url":"https:\/\/hassanbousbaa.com\/","name":"Hassan Bousbaa","description":"Hassan Bousbaa","potentialAction":[{"@type":"SearchAction","target":{"@type":"EntryPoint","urlTemplate":"https:\/\/hassanbousbaa.com\/?s={search_term_string}"},"query-input":{"@type":"PropertyValueSpecification","valueRequired":true,"valueName":"search_term_string"}}],"inLanguage":"fr-FR"}]}},"jetpack_sharing_enabled":true,"_links":{"self":[{"href":"https:\/\/hassanbousbaa.com\/index.php\/wp-json\/wp\/v2\/pages\/1287","targetHints":{"allow":["GET"]}}],"collection":[{"href":"https:\/\/hassanbousbaa.com\/index.php\/wp-json\/wp\/v2\/pages"}],"about":[{"href":"https:\/\/hassanbousbaa.com\/index.php\/wp-json\/wp\/v2\/types\/page"}],"author":[{"embeddable":true,"href":"https:\/\/hassanbousbaa.com\/index.php\/wp-json\/wp\/v2\/users\/1"}],"replies":[{"embeddable":true,"href":"https:\/\/hassanbousbaa.com\/index.php\/wp-json\/wp\/v2\/comments?post=1287"}],"version-history":[{"count":7,"href":"https:\/\/hassanbousbaa.com\/index.php\/wp-json\/wp\/v2\/pages\/1287\/revisions"}],"predecessor-version":[{"id":1296,"href":"https:\/\/hassanbousbaa.com\/index.php\/wp-json\/wp\/v2\/pages\/1287\/revisions\/1296"}],"wp:attachment":[{"href":"https:\/\/hassanbousbaa.com\/index.php\/wp-json\/wp\/v2\/media?parent=1287"}],"curies":[{"name":"wp","href":"https:\/\/api.w.org\/{rel}","templated":true}]}}