{"id":10,"date":"2020-10-30T18:17:18","date_gmt":"2020-10-30T17:17:18","guid":{"rendered":"https:\/\/hassanbousbaa.com\/?page_id=10"},"modified":"2021-08-22T11:46:38","modified_gmt":"2021-08-22T09:46:38","slug":"ma-philosophie","status":"publish","type":"page","link":"https:\/\/hassanbousbaa.com\/index.php\/ma-philosophie\/","title":{"rendered":"Ma philosophie"},"content":{"rendered":"\t\t<div data-elementor-type=\"wp-page\" data-elementor-id=\"10\" class=\"elementor elementor-10\">\n\t\t\t\t\t\t\t\t\t<section class=\"elementor-section elementor-top-section elementor-element elementor-element-9a6c728 elementor-section-boxed elementor-section-height-default elementor-section-height-default\" data-id=\"9a6c728\" data-element_type=\"section\">\n\t\t\t\t\t\t<div class=\"elementor-container elementor-column-gap-default\">\n\t\t\t\t\t<div class=\"elementor-column elementor-col-100 elementor-top-column elementor-element elementor-element-2ec2596\" data-id=\"2ec2596\" data-element_type=\"column\">\n\t\t\t<div class=\"elementor-widget-wrap elementor-element-populated\">\n\t\t\t\t\t\t\t\t<div class=\"elementor-element elementor-element-50894df elementor-widget elementor-widget-heading\" data-id=\"50894df\" data-element_type=\"widget\" data-widget_type=\"heading.default\">\n\t\t\t\t<div class=\"elementor-widget-container\">\n\t\t\t<h2 class=\"elementor-heading-title elementor-size-xl\">Ma philosophie<\/h2>\t\t<\/div>\n\t\t\t\t<\/div>\n\t\t\t\t\t<\/div>\n\t\t<\/div>\n\t\t\t\t\t\t\t<\/div>\n\t\t<\/section>\n\t\t\t\t<section class=\"elementor-section elementor-top-section elementor-element elementor-element-d8dfe24 elementor-section-boxed elementor-section-height-default elementor-section-height-default\" data-id=\"d8dfe24\" data-element_type=\"section\">\n\t\t\t\t\t\t<div class=\"elementor-container elementor-column-gap-default\">\n\t\t\t\t\t<div class=\"elementor-column elementor-col-100 elementor-top-column elementor-element elementor-element-641ec93\" data-id=\"641ec93\" data-element_type=\"column\">\n\t\t\t<div class=\"elementor-widget-wrap elementor-element-populated\">\n\t\t\t\t\t\t\t\t<div class=\"elementor-element elementor-element-d106539 elementor-widget elementor-widget-heading\" data-id=\"d106539\" data-element_type=\"widget\" data-widget_type=\"heading.default\">\n\t\t\t\t<div class=\"elementor-widget-container\">\n\t\t\t<h2 class=\"elementor-heading-title elementor-size-default\">Libert\u00e9... V\u00e9rit\u00e9... Responsabilit\u00e9<\/h2>\t\t<\/div>\n\t\t\t\t<\/div>\n\t\t\t\t\t<\/div>\n\t\t<\/div>\n\t\t\t\t\t\t\t<\/div>\n\t\t<\/section>\n\t\t\t\t<section class=\"elementor-section elementor-top-section elementor-element elementor-element-ad1b10a elementor-section-full_width elementor-section-height-default elementor-section-height-default\" data-id=\"ad1b10a\" data-element_type=\"section\">\n\t\t\t\t\t\t<div class=\"elementor-container elementor-column-gap-default\">\n\t\t\t\t\t<div class=\"elementor-column elementor-col-50 elementor-top-column elementor-element elementor-element-e4dfb66\" data-id=\"e4dfb66\" data-element_type=\"column\">\n\t\t\t<div class=\"elementor-widget-wrap elementor-element-populated\">\n\t\t\t\t\t\t\t\t<div class=\"elementor-element elementor-element-ac6c7c2 elementor-widget elementor-widget-text-editor\" data-id=\"ac6c7c2\" data-element_type=\"widget\" data-widget_type=\"text-editor.default\">\n\t\t\t\t<div class=\"elementor-widget-container\">\n\t\t\t\t\t\t\t<p>\u00ab A la base de toute vie humaine se trouvent des croyances, des pens\u00e9es et des id\u00e9ologies qui la nourrissent \u00bb<\/p>\t\t\t\t\t\t<\/div>\n\t\t\t\t<\/div>\n\t\t\t\t\t<\/div>\n\t\t<\/div>\n\t\t\t\t<div class=\"elementor-column elementor-col-50 elementor-top-column elementor-element elementor-element-8eb6833\" data-id=\"8eb6833\" data-element_type=\"column\">\n\t\t\t<div class=\"elementor-widget-wrap elementor-element-populated\">\n\t\t\t\t\t\t\t\t<div class=\"elementor-element elementor-element-c00e69b elementor-widget elementor-widget-text-editor\" data-id=\"c00e69b\" data-element_type=\"widget\" data-widget_type=\"text-editor.default\">\n\t\t\t\t<div class=\"elementor-widget-container\">\n\t\t\t\t\t\t\t<p>Hassan Bousbaa<\/p>\t\t\t\t\t\t<\/div>\n\t\t\t\t<\/div>\n\t\t\t\t\t<\/div>\n\t\t<\/div>\n\t\t\t\t\t\t\t<\/div>\n\t\t<\/section>\n\t\t\t\t<section class=\"elementor-section elementor-top-section elementor-element elementor-element-560f071 elementor-section-full_width elementor-section-height-default elementor-section-height-default\" data-id=\"560f071\" data-element_type=\"section\">\n\t\t\t\t\t\t<div class=\"elementor-container elementor-column-gap-default\">\n\t\t\t\t\t<div class=\"elementor-column elementor-col-100 elementor-top-column elementor-element elementor-element-ce67a47\" data-id=\"ce67a47\" data-element_type=\"column\">\n\t\t\t<div class=\"elementor-widget-wrap elementor-element-populated\">\n\t\t\t\t\t\t\t\t<div class=\"elementor-element elementor-element-65a0f49 elementor-widget elementor-widget-image\" data-id=\"65a0f49\" data-element_type=\"widget\" data-widget_type=\"image.default\">\n\t\t\t\t<div class=\"elementor-widget-container\">\n\t\t\t\t\t\t\t\t\t\t\t\t\t\t\t<img loading=\"lazy\" decoding=\"async\" width=\"1024\" height=\"202\" src=\"https:\/\/hassanbousbaa.com\/wp-content\/uploads\/2020\/11\/tree-838667_1280-Copie-1-1024x202.jpg\" class=\"attachment-large size-large wp-image-95\" alt=\"\" srcset=\"https:\/\/hassanbousbaa.com\/wp-content\/uploads\/2020\/11\/tree-838667_1280-Copie-1-1024x202.jpg 1024w, https:\/\/hassanbousbaa.com\/wp-content\/uploads\/2020\/11\/tree-838667_1280-Copie-1-300x59.jpg 300w, https:\/\/hassanbousbaa.com\/wp-content\/uploads\/2020\/11\/tree-838667_1280-Copie-1-768x151.jpg 768w, https:\/\/hassanbousbaa.com\/wp-content\/uploads\/2020\/11\/tree-838667_1280-Copie-1.jpg 1280w\" sizes=\"auto, (max-width: 1024px) 100vw, 1024px\" \/>\t\t\t\t\t\t\t\t\t\t\t\t\t\t\t<\/div>\n\t\t\t\t<\/div>\n\t\t\t\t\t<\/div>\n\t\t<\/div>\n\t\t\t\t\t\t\t<\/div>\n\t\t<\/section>\n\t\t\t\t<section class=\"elementor-section elementor-top-section elementor-element elementor-element-658a87a elementor-section-full_width elementor-section-height-default elementor-section-height-default\" data-id=\"658a87a\" data-element_type=\"section\">\n\t\t\t\t\t\t<div class=\"elementor-container elementor-column-gap-default\">\n\t\t\t\t\t<div class=\"elementor-column elementor-col-33 elementor-top-column elementor-element elementor-element-a4c8ecd\" data-id=\"a4c8ecd\" data-element_type=\"column\">\n\t\t\t<div class=\"elementor-widget-wrap\">\n\t\t\t\t\t\t\t\t\t<\/div>\n\t\t<\/div>\n\t\t\t\t<div class=\"elementor-column elementor-col-33 elementor-top-column elementor-element elementor-element-ade82d9\" data-id=\"ade82d9\" data-element_type=\"column\">\n\t\t\t<div class=\"elementor-widget-wrap elementor-element-populated\">\n\t\t\t\t\t\t\t\t<div class=\"elementor-element elementor-element-172df3a elementor-widget elementor-widget-text-editor\" data-id=\"172df3a\" data-element_type=\"widget\" data-widget_type=\"text-editor.default\">\n\t\t\t\t<div class=\"elementor-widget-container\">\n\t\t\t\t\t\t\t<div class=\"wp-block-jetpack-layout-grid-column wp-block-jetpack-layout-grid__padding-none\"><p>Les premi\u00e8res et principales questions que tout \u00eatre humain se pose dans son existence tournent autour de \u00ab\u00a0QUI\u00a0 JE SUIS\u00a0\u00bb, \u00ab\u00a0D\u2019O\u00d9 JE VIENS\u00a0\u00bb et \u00ab\u00a0O\u00d9 JE VAIS\u00a0\u00bb.<br \/>Dans mes cogitations pour essayer d\u2019y r\u00e9pondre, j\u2019ai d\u00fb d\u00e9velopper une double approche, ch\u00e8re \u00e0 Jean Paul Sartre\u00a0: une approche <strong>analytico-r\u00e9gressive<\/strong> et une approche <strong>synth\u00e9tico-progressive.<\/strong><\/p><p><strong>Le r\u00e9sultat en est une conception du monde GLOBALE ET ENGLOBANTE.<\/strong><\/p><p>Cette globalit\u00e9 int\u00e9grative me fournit une compr\u00e9hension d\u2019ensemble, compl\u00e8te et somme toute satisfaisante, et cela tant sur le plan horizontal que sur le plan vertical.<br \/>HORIZONTALEMENT, j\u2019ai un r\u00e9cit et une explication, de CE QUI A \u00c9T\u00c9 depuis l\u2019origine, de CE QUI EST pr\u00e9sentement et de CE QUI SERA dans l\u2019\u00e9ternit\u00e9.<br \/>VERTICALEMENT, j\u2019ai une compr\u00e9hension de mon existence et de l\u2019univers dans toutes les dimensions (Spirituelle, physique, mentale, psychologique, relationnelle, sociale, soci\u00e9tale, environnementale, cosmique,\u2026) et des lois et r\u00e8gles qui r\u00e9gissent tout l\u2019Univers.<br \/>Dans ma qu\u00eate, ma compr\u00e9hension du monde et partant ma philosophie, s\u2019est construite sur cinq piliers essentiels\u00a0<strong>: l\u2019Unicit\u00e9, l\u2019Unit\u00e9, la Finalit\u00e9, la Libert\u00e9 et la Responsabilit\u00e9.<\/strong><\/p><\/div>\t\t\t\t\t\t<\/div>\n\t\t\t\t<\/div>\n\t\t\t\t\t<\/div>\n\t\t<\/div>\n\t\t\t\t<div class=\"elementor-column elementor-col-33 elementor-top-column elementor-element elementor-element-f2af972\" data-id=\"f2af972\" data-element_type=\"column\">\n\t\t\t<div class=\"elementor-widget-wrap\">\n\t\t\t\t\t\t\t\t\t<\/div>\n\t\t<\/div>\n\t\t\t\t\t\t\t<\/div>\n\t\t<\/section>\n\t\t\t\t<section class=\"elementor-section elementor-top-section elementor-element elementor-element-8179886 elementor-section-full_width elementor-section-height-default elementor-section-height-default\" data-id=\"8179886\" data-element_type=\"section\">\n\t\t\t\t\t\t<div class=\"elementor-container elementor-column-gap-default\">\n\t\t\t\t\t<div class=\"elementor-column elementor-col-50 elementor-top-column elementor-element elementor-element-288658c\" data-id=\"288658c\" data-element_type=\"column\">\n\t\t\t<div class=\"elementor-widget-wrap elementor-element-populated\">\n\t\t\t\t\t\t\t\t<div class=\"elementor-element elementor-element-9a2a1d7 elementor-widget elementor-widget-image\" data-id=\"9a2a1d7\" data-element_type=\"widget\" data-widget_type=\"image.default\">\n\t\t\t\t<div class=\"elementor-widget-container\">\n\t\t\t\t\t\t\t\t\t\t\t\t\t\t\t<img loading=\"lazy\" decoding=\"async\" width=\"520\" height=\"1536\" src=\"https:\/\/hassanbousbaa.com\/wp-content\/uploads\/2020\/11\/aurora-2568598-Copie-520x1536.jpg\" class=\"attachment-1536x1536 size-1536x1536 wp-image-98\" alt=\"\" srcset=\"https:\/\/hassanbousbaa.com\/wp-content\/uploads\/2020\/11\/aurora-2568598-Copie-520x1536.jpg 520w, https:\/\/hassanbousbaa.com\/wp-content\/uploads\/2020\/11\/aurora-2568598-Copie-102x300.jpg 102w, https:\/\/hassanbousbaa.com\/wp-content\/uploads\/2020\/11\/aurora-2568598-Copie-347x1024.jpg 347w, https:\/\/hassanbousbaa.com\/wp-content\/uploads\/2020\/11\/aurora-2568598-Copie-768x2268.jpg 768w, https:\/\/hassanbousbaa.com\/wp-content\/uploads\/2020\/11\/aurora-2568598-Copie-694x2048.jpg 694w, https:\/\/hassanbousbaa.com\/wp-content\/uploads\/2020\/11\/aurora-2568598-Copie-scaled.jpg 867w\" sizes=\"auto, (max-width: 520px) 100vw, 520px\" \/>\t\t\t\t\t\t\t\t\t\t\t\t\t\t\t<\/div>\n\t\t\t\t<\/div>\n\t\t\t\t\t<\/div>\n\t\t<\/div>\n\t\t\t\t<div class=\"elementor-column elementor-col-50 elementor-top-column elementor-element elementor-element-14692bd\" data-id=\"14692bd\" data-element_type=\"column\">\n\t\t\t<div class=\"elementor-widget-wrap elementor-element-populated\">\n\t\t\t\t\t\t\t\t<div class=\"elementor-element elementor-element-7e15875 elementor-widget elementor-widget-text-editor\" data-id=\"7e15875\" data-element_type=\"widget\" data-widget_type=\"text-editor.default\">\n\t\t\t\t<div class=\"elementor-widget-container\">\n\t\t\t\t\t\t\t<div class=\"wp-block-jetpack-layout-grid-column wp-block-jetpack-layout-grid__padding-none\"><h2><strong>L\u2019UNICIT\u00c9\u00a0<\/strong><\/h2><p>Tout a \u00e9t\u00e9 \u00e9crit et cr\u00e9\u00e9 par une seule et m\u00eame Main, Celle de DIEU.<br \/><br \/>DIEU \u00a0est, entre autre, Omnipotent, Omnipr\u00e9sent et Omniscient. IL a le pouvoir absolu de tout transformer instantan\u00e9ment.<br \/>Nous portons tous en nous, cette Marque de Fabrique d\u2019Essence Divine : puret\u00e9 de l\u2019inn\u00e9it\u00e9, potentiel et pouvoirs exceptionnels de l\u2019\u00eatre, \u00e9ternit\u00e9 du destin.<br \/><br \/>Autre miracle et autre manifestation de l\u2019unicit\u00e9\u00a0: malgr\u00e9 l\u2019extr\u00eame vari\u00e9t\u00e9 et diversit\u00e9 des genres, des cat\u00e9gories et des esp\u00e8ces de la Cr\u00e9ation, <strong>chaque cr\u00e9ature est unique<\/strong>.<\/p><h2><strong>L\u2019UNIT\u00c9<\/strong><\/h2><p>Nous faisons partie de l\u2019Univers qui est \u00ab\u00a0une seule et unique chose\u00a0\u00bb, un ensemble qui englobe tout ce qui existe. Ce tout est lui-m\u00eame constitu\u00e9 de sous-ensembles, eux-m\u00eames compos\u00e9s de sous sous-ensembles et ainsi de suite jusqu\u2019\u00e0 l\u2019\u00eatre humain (et ses diff\u00e9rents syst\u00e8mes\u00a0: respiratoire, digestif, circulatoire\u2026), la cellule, l\u2019atome\u2026<br \/>Dans cette <strong>conception unitaire et syst\u00e9mique<\/strong>, tous les sous-ensembles interagissent entre eux et avec l\u2019ensemble. Toutes les parties sont interd\u00e9pendantes et concourent au bon fonctionnement de l\u2019ensemble.<\/p><h2><strong>LA FINALIT\u00c9<\/strong><\/h2><p>L\u2019approche syst\u00e8me permet d\u2019appr\u00e9hender conceptuellement le fonctionnement de l\u2019Univers. Chaque ensemble et sous ensemble repr\u00e9sentent UN SYST\u00c8ME dynamique avec une structure, des \u00e9l\u00e9ments en interrelation, des fonctionnalit\u00e9s, une finalit\u00e9\u2026 une intention pr\u00e9alable.<br \/>L\u2019ensemble forme un TOUT coh\u00e9rent, harmonieux, fonctionnant avec une remarquable et absolue pr\u00e9cision, une r\u00e9gularit\u00e9 et une p\u00e9rennit\u00e9 d\u00e9fiant toute \u00e9preuve. Seules des LOIS rigoureuses, stables et immuables peuvent assurer cette pr\u00e9cision et cette harmonie constantes dans le fonctionnement de l\u2019Univers. Cela ne peut \u00eatre en aucun cas le fruit du hasard. Tout effet est produit par une cause qui l\u2019a engendr\u00e9. Et pour obtenir un r\u00e9sultat, il faut faire les causes requises.<br \/>C\u2019est la loi universelle de la CAUSALIT\u00c9. Il n\u2019y a pas de pur hasard.<\/p><h2><strong>LA LIBERT\u00c9<\/strong><\/h2><p>Dans la vie, il y a des <strong><em>choses qui ne d\u00e9pendent pas de nous et que nous ne pouvons pas contr\u00f4ler.<\/em><\/strong> Comme les lois de l\u2019apesanteur, la loi de la causalit\u00e9\u00a0 etc\u2026notre date et lieu de naissance, nos parents, notre couleur, etc\u2026Ces choses-l\u00e0, il est sage de les accepter et de les utiliser \u00e0 son profit.<br \/><br \/>Et il y a des <strong><em>choses ou situations qui d\u00e9pendent de nous et que nous pouvons directement contr\u00f4ler<\/em><\/strong>. Comme \u00e9tudier, choisir un emploi ou un conjoint, faire du sport, rester au lit ou se lever t\u00f4t pour r\u00e9aliser son r\u00eave etc\u2026<\/p><p>Cette deuxi\u00e8me cat\u00e9gorie est tr\u00e8s vaste et la plus importante. Elle constitue <strong>notre espace de libert\u00e9,<\/strong> de choix et de cr\u00e9ation. Notre champ d\u2019action, d\u2019expression et d\u2019\u00e9panouissement.<\/p><h2><strong>LA RESPONSABILIT\u00c9<\/strong><\/h2><p>Elle est le fait de personnes qui s\u2019approprient et assument leurs choix, leurs actes, leur vie et leurs cons\u00e9quences \u00e9ventuelles. Elles acceptent d\u2019en rendre compte devant qui de droit sans victimisation, rejet de la faute sur autrui ou fuite en avant.<br \/><br \/>La responsabilit\u00e9 va de pair avec la libert\u00e9. Elles sont ins\u00e9parables.<\/p><\/div>\t\t\t\t\t\t<\/div>\n\t\t\t\t<\/div>\n\t\t\t\t\t<\/div>\n\t\t<\/div>\n\t\t\t\t\t\t\t<\/div>\n\t\t<\/section>\n\t\t\t\t<section class=\"elementor-section elementor-top-section elementor-element elementor-element-dbc5d56 elementor-section-full_width elementor-section-height-default elementor-section-height-default\" data-id=\"dbc5d56\" data-element_type=\"section\">\n\t\t\t\t\t\t<div class=\"elementor-container elementor-column-gap-default\">\n\t\t\t\t\t<div class=\"elementor-column elementor-col-50 elementor-top-column elementor-element elementor-element-37a17f7\" data-id=\"37a17f7\" data-element_type=\"column\">\n\t\t\t<div class=\"elementor-widget-wrap elementor-element-populated\">\n\t\t\t\t\t\t\t\t<div class=\"elementor-element elementor-element-3c8cb9d elementor-widget elementor-widget-text-editor\" data-id=\"3c8cb9d\" data-element_type=\"widget\" data-widget_type=\"text-editor.default\">\n\t\t\t\t<div class=\"elementor-widget-container\">\n\t\t\t\t\t\t\t<p style=\"text-align: right;\">\u00ab Mon Dieu, donne moi la s\u00e9r\u00e9nit\u00e9 d &lsquo;accepter les choses que je ne peux pas changer, le courage de changer celles que je peux changer, et la sagesse de distinguer entre les deux. \u00bb<\/p>\t\t\t\t\t\t<\/div>\n\t\t\t\t<\/div>\n\t\t\t\t\t<\/div>\n\t\t<\/div>\n\t\t\t\t<div class=\"elementor-column elementor-col-50 elementor-top-column elementor-element elementor-element-3312bc1\" data-id=\"3312bc1\" data-element_type=\"column\">\n\t\t\t<div class=\"elementor-widget-wrap elementor-element-populated\">\n\t\t\t\t\t\t\t\t<div class=\"elementor-element elementor-element-16d7498 elementor-widget elementor-widget-text-editor\" data-id=\"16d7498\" data-element_type=\"widget\" data-widget_type=\"text-editor.default\">\n\t\t\t\t<div class=\"elementor-widget-container\">\n\t\t\t\t\t\t\t<p><br \/><br \/>Pri\u00e8re de la s\u00e9r\u00e9nit\u00e9<\/p>\t\t\t\t\t\t<\/div>\n\t\t\t\t<\/div>\n\t\t\t\t\t<\/div>\n\t\t<\/div>\n\t\t\t\t\t\t\t<\/div>\n\t\t<\/section>\n\t\t\t\t\t\t\t<\/div>\n\t\t","protected":false},"excerpt":{"rendered":"<p>Ma philosophie Libert\u00e9&#8230; V\u00e9rit\u00e9&#8230; Responsabilit\u00e9 \u00ab A la base de toute vie humaine se trouvent des croyances, des pens\u00e9es et des id\u00e9ologies qui la nourrissent \u00bb Hassan Bousbaa Les premi\u00e8res et principales questions que tout \u00eatre humain se pose dans son existence tournent autour de \u00ab\u00a0QUI\u00a0 JE SUIS\u00a0\u00bb, \u00ab\u00a0D\u2019O\u00d9 JE VIENS\u00a0\u00bb et \u00ab\u00a0O\u00d9 JE VAIS\u00a0\u00bb.Dans&hellip;&nbsp;<a href=\"https:\/\/hassanbousbaa.com\/index.php\/ma-philosophie\/\" class=\"\" rel=\"bookmark\">Lire la suite &raquo;<span class=\"screen-reader-text\">Ma philosophie<\/span><\/a><\/p>\n","protected":false},"author":1,"featured_media":0,"parent":0,"menu_order":0,"comment_status":"closed","ping_status":"closed","template":"page-templates\/template-pagebuilder-full-width.php","meta":{"neve_meta_sidebar":"","neve_meta_container":"","neve_meta_enable_content_width":"","neve_meta_content_width":0,"neve_meta_title_alignment":"","neve_meta_author_avatar":"","neve_post_elements_order":"","neve_meta_disable_header":"","neve_meta_disable_footer":"","neve_meta_disable_title":"","footnotes":""},"class_list":["post-10","page","type-page","status-publish","hentry"],"yoast_head":"<!-- This site is optimized with the Yoast SEO plugin v24.9 - https:\/\/yoast.com\/wordpress\/plugins\/seo\/ -->\n<title>Ma philosophie - Hassan Bousbaa<\/title>\n<meta name=\"robots\" content=\"index, follow, max-snippet:-1, max-image-preview:large, max-video-preview:-1\" \/>\n<link rel=\"canonical\" href=\"https:\/\/hassanbousbaa.com\/index.php\/ma-philosophie\/\" \/>\n<meta property=\"og:locale\" content=\"fr_FR\" \/>\n<meta property=\"og:type\" content=\"article\" \/>\n<meta property=\"og:title\" content=\"Ma philosophie - Hassan Bousbaa\" \/>\n<meta property=\"og:description\" content=\"Ma philosophie Libert\u00e9&#8230; V\u00e9rit\u00e9&#8230; Responsabilit\u00e9 \u00ab A la base de toute vie humaine se trouvent des croyances, des pens\u00e9es et des id\u00e9ologies qui la nourrissent \u00bb Hassan Bousbaa Les premi\u00e8res et principales questions que tout \u00eatre humain se pose dans son existence tournent autour de \u00ab\u00a0QUI\u00a0 JE SUIS\u00a0\u00bb, \u00ab\u00a0D\u2019O\u00d9 JE VIENS\u00a0\u00bb et \u00ab\u00a0O\u00d9 JE VAIS\u00a0\u00bb.Dans&hellip;&nbsp;Lire la suite &raquo;Ma philosophie\" \/>\n<meta property=\"og:url\" content=\"https:\/\/hassanbousbaa.com\/index.php\/ma-philosophie\/\" \/>\n<meta property=\"og:site_name\" content=\"Hassan Bousbaa\" \/>\n<meta property=\"article:modified_time\" content=\"2021-08-22T09:46:38+00:00\" \/>\n<meta property=\"og:image\" content=\"https:\/\/hassanbousbaa.com\/wp-content\/uploads\/2020\/11\/tree-838667_1280-Copie-1-1024x202.jpg\" \/>\n<meta name=\"twitter:card\" content=\"summary_large_image\" \/>\n<meta name=\"twitter:label1\" content=\"Dur\u00e9e de lecture estim\u00e9e\" \/>\n\t<meta name=\"twitter:data1\" content=\"4 minutes\" \/>\n<script type=\"application\/ld+json\" class=\"yoast-schema-graph\">{\"@context\":\"https:\/\/schema.org\",\"@graph\":[{\"@type\":\"WebPage\",\"@id\":\"https:\/\/hassanbousbaa.com\/index.php\/ma-philosophie\/\",\"url\":\"https:\/\/hassanbousbaa.com\/index.php\/ma-philosophie\/\",\"name\":\"Ma philosophie - Hassan Bousbaa\",\"isPartOf\":{\"@id\":\"https:\/\/hassanbousbaa.com\/#website\"},\"primaryImageOfPage\":{\"@id\":\"https:\/\/hassanbousbaa.com\/index.php\/ma-philosophie\/#primaryimage\"},\"image\":{\"@id\":\"https:\/\/hassanbousbaa.com\/index.php\/ma-philosophie\/#primaryimage\"},\"thumbnailUrl\":\"https:\/\/hassanbousbaa.com\/wp-content\/uploads\/2020\/11\/tree-838667_1280-Copie-1-1024x202.jpg\",\"datePublished\":\"2020-10-30T17:17:18+00:00\",\"dateModified\":\"2021-08-22T09:46:38+00:00\",\"breadcrumb\":{\"@id\":\"https:\/\/hassanbousbaa.com\/index.php\/ma-philosophie\/#breadcrumb\"},\"inLanguage\":\"fr-FR\",\"potentialAction\":[{\"@type\":\"ReadAction\",\"target\":[\"https:\/\/hassanbousbaa.com\/index.php\/ma-philosophie\/\"]}]},{\"@type\":\"ImageObject\",\"inLanguage\":\"fr-FR\",\"@id\":\"https:\/\/hassanbousbaa.com\/index.php\/ma-philosophie\/#primaryimage\",\"url\":\"https:\/\/hassanbousbaa.com\/wp-content\/uploads\/2020\/11\/tree-838667_1280-Copie-1.jpg\",\"contentUrl\":\"https:\/\/hassanbousbaa.com\/wp-content\/uploads\/2020\/11\/tree-838667_1280-Copie-1.jpg\",\"width\":1280,\"height\":252},{\"@type\":\"BreadcrumbList\",\"@id\":\"https:\/\/hassanbousbaa.com\/index.php\/ma-philosophie\/#breadcrumb\",\"itemListElement\":[{\"@type\":\"ListItem\",\"position\":1,\"name\":\"Accueil\",\"item\":\"https:\/\/hassanbousbaa.com\/\"},{\"@type\":\"ListItem\",\"position\":2,\"name\":\"Ma philosophie\"}]},{\"@type\":\"WebSite\",\"@id\":\"https:\/\/hassanbousbaa.com\/#website\",\"url\":\"https:\/\/hassanbousbaa.com\/\",\"name\":\"Hassan Bousbaa\",\"description\":\"Hassan Bousbaa\",\"potentialAction\":[{\"@type\":\"SearchAction\",\"target\":{\"@type\":\"EntryPoint\",\"urlTemplate\":\"https:\/\/hassanbousbaa.com\/?s={search_term_string}\"},\"query-input\":{\"@type\":\"PropertyValueSpecification\",\"valueRequired\":true,\"valueName\":\"search_term_string\"}}],\"inLanguage\":\"fr-FR\"}]}<\/script>\n<!-- \/ Yoast SEO plugin. -->","yoast_head_json":{"title":"Ma philosophie - Hassan Bousbaa","robots":{"index":"index","follow":"follow","max-snippet":"max-snippet:-1","max-image-preview":"max-image-preview:large","max-video-preview":"max-video-preview:-1"},"canonical":"https:\/\/hassanbousbaa.com\/index.php\/ma-philosophie\/","og_locale":"fr_FR","og_type":"article","og_title":"Ma philosophie - Hassan Bousbaa","og_description":"Ma philosophie Libert\u00e9&#8230; V\u00e9rit\u00e9&#8230; Responsabilit\u00e9 \u00ab A la base de toute vie humaine se trouvent des croyances, des pens\u00e9es et des id\u00e9ologies qui la nourrissent \u00bb Hassan Bousbaa Les premi\u00e8res et principales questions que tout \u00eatre humain se pose dans son existence tournent autour de \u00ab\u00a0QUI\u00a0 JE SUIS\u00a0\u00bb, \u00ab\u00a0D\u2019O\u00d9 JE VIENS\u00a0\u00bb et \u00ab\u00a0O\u00d9 JE VAIS\u00a0\u00bb.Dans&hellip;&nbsp;Lire la suite &raquo;Ma philosophie","og_url":"https:\/\/hassanbousbaa.com\/index.php\/ma-philosophie\/","og_site_name":"Hassan Bousbaa","article_modified_time":"2021-08-22T09:46:38+00:00","og_image":[{"url":"https:\/\/hassanbousbaa.com\/wp-content\/uploads\/2020\/11\/tree-838667_1280-Copie-1-1024x202.jpg","type":"","width":"","height":""}],"twitter_card":"summary_large_image","twitter_misc":{"Dur\u00e9e de lecture estim\u00e9e":"4 minutes"},"schema":{"@context":"https:\/\/schema.org","@graph":[{"@type":"WebPage","@id":"https:\/\/hassanbousbaa.com\/index.php\/ma-philosophie\/","url":"https:\/\/hassanbousbaa.com\/index.php\/ma-philosophie\/","name":"Ma philosophie - Hassan Bousbaa","isPartOf":{"@id":"https:\/\/hassanbousbaa.com\/#website"},"primaryImageOfPage":{"@id":"https:\/\/hassanbousbaa.com\/index.php\/ma-philosophie\/#primaryimage"},"image":{"@id":"https:\/\/hassanbousbaa.com\/index.php\/ma-philosophie\/#primaryimage"},"thumbnailUrl":"https:\/\/hassanbousbaa.com\/wp-content\/uploads\/2020\/11\/tree-838667_1280-Copie-1-1024x202.jpg","datePublished":"2020-10-30T17:17:18+00:00","dateModified":"2021-08-22T09:46:38+00:00","breadcrumb":{"@id":"https:\/\/hassanbousbaa.com\/index.php\/ma-philosophie\/#breadcrumb"},"inLanguage":"fr-FR","potentialAction":[{"@type":"ReadAction","target":["https:\/\/hassanbousbaa.com\/index.php\/ma-philosophie\/"]}]},{"@type":"ImageObject","inLanguage":"fr-FR","@id":"https:\/\/hassanbousbaa.com\/index.php\/ma-philosophie\/#primaryimage","url":"https:\/\/hassanbousbaa.com\/wp-content\/uploads\/2020\/11\/tree-838667_1280-Copie-1.jpg","contentUrl":"https:\/\/hassanbousbaa.com\/wp-content\/uploads\/2020\/11\/tree-838667_1280-Copie-1.jpg","width":1280,"height":252},{"@type":"BreadcrumbList","@id":"https:\/\/hassanbousbaa.com\/index.php\/ma-philosophie\/#breadcrumb","itemListElement":[{"@type":"ListItem","position":1,"name":"Accueil","item":"https:\/\/hassanbousbaa.com\/"},{"@type":"ListItem","position":2,"name":"Ma philosophie"}]},{"@type":"WebSite","@id":"https:\/\/hassanbousbaa.com\/#website","url":"https:\/\/hassanbousbaa.com\/","name":"Hassan Bousbaa","description":"Hassan Bousbaa","potentialAction":[{"@type":"SearchAction","target":{"@type":"EntryPoint","urlTemplate":"https:\/\/hassanbousbaa.com\/?s={search_term_string}"},"query-input":{"@type":"PropertyValueSpecification","valueRequired":true,"valueName":"search_term_string"}}],"inLanguage":"fr-FR"}]}},"jetpack_sharing_enabled":true,"_links":{"self":[{"href":"https:\/\/hassanbousbaa.com\/index.php\/wp-json\/wp\/v2\/pages\/10","targetHints":{"allow":["GET"]}}],"collection":[{"href":"https:\/\/hassanbousbaa.com\/index.php\/wp-json\/wp\/v2\/pages"}],"about":[{"href":"https:\/\/hassanbousbaa.com\/index.php\/wp-json\/wp\/v2\/types\/page"}],"author":[{"embeddable":true,"href":"https:\/\/hassanbousbaa.com\/index.php\/wp-json\/wp\/v2\/users\/1"}],"replies":[{"embeddable":true,"href":"https:\/\/hassanbousbaa.com\/index.php\/wp-json\/wp\/v2\/comments?post=10"}],"version-history":[{"count":87,"href":"https:\/\/hassanbousbaa.com\/index.php\/wp-json\/wp\/v2\/pages\/10\/revisions"}],"predecessor-version":[{"id":1167,"href":"https:\/\/hassanbousbaa.com\/index.php\/wp-json\/wp\/v2\/pages\/10\/revisions\/1167"}],"wp:attachment":[{"href":"https:\/\/hassanbousbaa.com\/index.php\/wp-json\/wp\/v2\/media?parent=10"}],"curies":[{"name":"wp","href":"https:\/\/api.w.org\/{rel}","templated":true}]}}